{"id":39,"date":"2021-07-18T02:05:29","date_gmt":"2021-07-18T01:05:29","guid":{"rendered":"https:\/\/capital.wordifysites.com\/?page_id=39"},"modified":"2024-11-26T10:48:43","modified_gmt":"2024-11-26T10:48:43","slug":"our-team","status":"publish","type":"page","link":"https:\/\/ancorafinance.com\/de\/our-team\/","title":{"rendered":"Unser Team"},"content":{"rendered":"<section class=\"gb-container gb-container-3c2618f1\">\n\n<h2 class=\"gb-headline gb-headline-6b7269d6 gb-headline-text\" id=\"our_team\">Ancora Finance Group<\/h2>\n\n\n\n<div class=\"wp-block-columns is-layout-flex wp-container-core-columns-is-layout-9d6595d7 wp-block-columns-is-layout-flex\">\n<div class=\"wp-block-column is-layout-flow wp-block-column-is-layout-flow\" style=\"flex-basis:100%\">\n<p class=\"gb-headline gb-headline-88e5e3ce gb-headline-text\">Ancora besteht aus einem erfahrenen Team, das seit vielen Jahren erfolgreich zusammenarbeitet<\/p>\n<\/div>\n<\/div>\n\n\n<div class=\"gb-grid-wrapper gb-grid-wrapper-17296987\">\n<div class=\"gb-grid-column gb-grid-column-53bb684b\"><div class=\"gb-container gb-container-53bb684b\">\n<div class=\"gb-container gb-container-7a3a3378\">\n<div class=\"gb-container gb-container-5a665426\">\n\n<a class=\"gb-button gb-button-a92b888b\" href=\"https:\/\/www.linkedin.com\/in\/thomas-putter-82483073\/\"><span class=\"gb-icon\"><svg aria-hidden=\"true\" role=\"img\" height=\"1em\" width=\"1em\" viewbox=\"0 0 448 512\" xmlns=\"http:\/\/www.w3.org\/2000\/svg\"><path fill=\"currentColor\" d=\"M100.28 448H7.4V148.9h92.88zM53.79 108.1C24.09 108.1 0 83.5 0 53.8a53.79 53.79 0 0 1 107.58 0c0 29.7-24.1 54.3-53.79 54.3zM447.9 448h-92.68V302.4c0-34.7-.7-79.2-48.29-79.2-48.29 0-55.69 37.7-55.69 76.7V448h-92.78V148.9h89.08v40.8h1.3c12.4-23.5 42.69-48.3 87.88-48.3 94 0 111.28 61.9 111.28 142.3V448z\"><\/path><\/svg><\/span><\/a>\n\n<\/div>\n<\/div>\n\n<div class=\"gb-container gb-container-5abc528f\">\n\n<p class=\"gb-headline gb-headline-8ee76213 gb-headline-text\">Thomas Putter <\/p>\n\n\n\n<p class=\"has-contrast-color has-text-color has-small-font-size\"><strong>Thomas Putter, Gr\u00fcnder und Executive Chairman.<\/strong> Thomas Putter ist ein erfahrener Investor, Entrepreneur und Manager. Er ist ehemaliger CEO von Allianz Capital Partners und Allianz Alternative Assets Holding sowie ehemaliger Vorsitzender des Deutschen Verbands f\u00fcr Private Equity und Venture Capital (BVK).<\/p>\n\n<\/div>\n<\/div><\/div>\n\n<div class=\"gb-grid-column gb-grid-column-e325115d\"><div class=\"gb-container gb-container-e325115d\">\n<div class=\"gb-container gb-container-cb0cb6ed\">\n<div class=\"gb-container gb-container-8bb83cb8\">\n\n<a class=\"gb-button gb-button-922dd230\" href=\"https:\/\/www.linkedin.com\/in\/marcus-shadbolt-39565253\/\"><span class=\"gb-icon\"><svg xmlns=\"http:\/\/www.w3.org\/2000\/svg\" viewbox=\"0 0 448 512\" width=\"1em\" height=\"1em\" aria-hidden=\"true\"><path d=\"M100.28 448H7.4V148.9h92.88zM53.79 108.1C24.09 108.1 0 83.5 0 53.8a53.79 53.79 0 0 1 107.58 0c0 29.7-24.1 54.3-53.79 54.3zM447.9 448h-92.68V302.4c0-34.7-.7-79.2-48.29-79.2-48.29 0-55.69 37.7-55.69 76.7V448h-92.78V148.9h89.08v40.8h1.3c12.4-23.5 42.69-48.3 87.88-48.3 94 0 111.28 61.9 111.28 142.3V448z\" fill=\"currentColor\"><\/path><\/svg><\/span><\/a>\n\n<\/div>\n<\/div>\n\n<div class=\"gb-container gb-container-0b97873a\">\n\n<p class=\"gb-headline gb-headline-03b3e440 gb-headline-text\">Marcus Shadbolt<\/p>\n\n\n\n<p class=\"has-contrast-color has-text-color has-small-font-size\"><strong>Marcus Shadbolt, FCA, Partner.<\/strong> Marcus Shadbolt verf\u00fcgt \u00fcber mehr als 30 Jahre Erfahrung im Bereich Investitionen und Beratung. Bis Ende 2023 war er CEO von Vermilion Partners, einem auf China fokussierten M&amp;A-Beratungsunternehmen, das er 2004 mitbegr\u00fcndet hat und das 2018 an Natixis SA (Groupe BPCE) verkauft wurde. Davor war er Director bei Botts &amp; Company, einer europ\u00e4ischen Private-Equity-Firma f\u00fcr das mittlere Marktsegment.<\/p>\n\n<\/div>\n<\/div><\/div>\n\n<div class=\"gb-grid-column gb-grid-column-8fe893f8\"><div class=\"gb-container gb-container-8fe893f8\">\n<div class=\"gb-container gb-container-aeefcaad\">\n<div class=\"gb-container gb-container-996dba16\">\n\n<a class=\"gb-button gb-button-0f44c984\" href=\"https:\/\/www.linkedin.com\/in\/erik-a-feingold-%F0%9F%8E%97%EF%B8%8F-531a3639\/\"><span class=\"gb-icon\"><svg xmlns=\"http:\/\/www.w3.org\/2000\/svg\" viewbox=\"0 0 448 512\" width=\"1em\" height=\"1em\" aria-hidden=\"true\"><path d=\"M100.28 448H7.4V148.9h92.88zM53.79 108.1C24.09 108.1 0 83.5 0 53.8a53.79 53.79 0 0 1 107.58 0c0 29.7-24.1 54.3-53.79 54.3zM447.9 448h-92.68V302.4c0-34.7-.7-79.2-48.29-79.2-48.29 0-55.69 37.7-55.69 76.7V448h-92.78V148.9h89.08v40.8h1.3c12.4-23.5 42.69-48.3 87.88-48.3 94 0 111.28 61.9 111.28 142.3V448z\" fill=\"currentColor\"><\/path><\/svg><\/span><\/a>\n\n<\/div>\n<\/div>\n\n<div class=\"gb-container gb-container-ae2ba6e3\">\n\n<p class=\"gb-headline gb-headline-8ff04bd9 gb-headline-text\">Erik Feingold<\/p>\n\n\n\n<p class=\"has-contrast-color has-text-color has-small-font-size\"><strong>Erik Feingold, Partner. <\/strong>Erik Feingold verf\u00fcgt \u00fcber mehr als 30 Jahre Erfahrung als Tech-Unternehmer, ma\u00dfgeblicher Entscheider und M&amp;A-Veteran. Er ist u.a. Gr\u00fcnder der Feingold Technologies GmbH, die, begleitet von Ancora, erfolgreich an Sharecare, Inc. verkauft wurde.<\/p>\n\n<\/div>\n<\/div><\/div>\n\n<div class=\"gb-grid-column gb-grid-column-dd19d0b5\"><div class=\"gb-container gb-container-dd19d0b5\">\n<div class=\"gb-container gb-container-8aab87bc\">\n<div class=\"gb-container gb-container-9bcc8d2a\">\n\n<a class=\"gb-button gb-button-1f489ecc\" href=\"https:\/\/www.linkedin.com\/in\/stephan-mohrhardt-cfa-78053b11\/?originalSubdomain=ch\"><span class=\"gb-icon\"><svg xmlns=\"http:\/\/www.w3.org\/2000\/svg\" viewbox=\"0 0 448 512\" width=\"1em\" height=\"1em\" aria-hidden=\"true\"><path d=\"M100.28 448H7.4V148.9h92.88zM53.79 108.1C24.09 108.1 0 83.5 0 53.8a53.79 53.79 0 0 1 107.58 0c0 29.7-24.1 54.3-53.79 54.3zM447.9 448h-92.68V302.4c0-34.7-.7-79.2-48.29-79.2-48.29 0-55.69 37.7-55.69 76.7V448h-92.78V148.9h89.08v40.8h1.3c12.4-23.5 42.69-48.3 87.88-48.3 94 0 111.28 61.9 111.28 142.3V448z\" fill=\"currentColor\"><\/path><\/svg><\/span><\/a>\n\n<\/div>\n<\/div>\n\n<div class=\"gb-container gb-container-9193f539\">\n\n<p class=\"gb-headline gb-headline-d25d8ae5 gb-headline-text\">Stephan Mohrhardt<\/p>\n\n\n\n<p class=\"has-contrast-color has-text-color has-small-font-size\"><strong>Stephan Mohrhardt, CFA, Partner.<\/strong> Stephan Mohrhardt verf\u00fcgt \u00fcber fast 20 Jahre Erfahrung in den Bereichen Private Equity, Corporate Finance, Finanzdienstleistungen, Assurance und Transaktionsdienstleistungen. Er verwaltet die Risikokapitalinvestitionen in Europa und den USA in den Bereichen Fintech, Wealthtech, Gesundheitswesen und Cleantech.<\/p>\n\n<\/div>\n<\/div><\/div>\n\n<div class=\"gb-grid-column gb-grid-column-a5d8409c\"><div class=\"gb-container gb-container-a5d8409c\">\n<div class=\"gb-container gb-container-439dd6d2\">\n<div class=\"gb-container gb-container-b7ff2631\">\n\n<a class=\"gb-button gb-button-c7495cc5\" href=\"https:\/\/www.linkedin.com\/in\/julian-clements-9a4851a\/\"><span class=\"gb-icon\"><svg aria-hidden=\"true\" role=\"img\" height=\"1em\" width=\"1em\" viewbox=\"0 0 448 512\" xmlns=\"http:\/\/www.w3.org\/2000\/svg\"><path fill=\"currentColor\" d=\"M100.28 448H7.4V148.9h92.88zM53.79 108.1C24.09 108.1 0 83.5 0 53.8a53.79 53.79 0 0 1 107.58 0c0 29.7-24.1 54.3-53.79 54.3zM447.9 448h-92.68V302.4c0-34.7-.7-79.2-48.29-79.2-48.29 0-55.69 37.7-55.69 76.7V448h-92.78V148.9h89.08v40.8h1.3c12.4-23.5 42.69-48.3 87.88-48.3 94 0 111.28 61.9 111.28 142.3V448z\"><\/path><\/svg><\/span><\/a>\n\n<\/div>\n<\/div>\n\n<div class=\"gb-container gb-container-49aac4ee\">\n\n<p class=\"gb-headline gb-headline-ff767faf gb-headline-text\">Julian Clements<\/p>\n\n\n\n<p class=\"has-contrast-color has-text-color has-small-font-size\"><strong>Julian Clements, FCA, Chief Financial<br>Officer and Head of Compliance.<\/strong>&nbsp; Julian Clements ist Chartered Accountant und Barrister. Er unterliegt der Financial Conduct Authority (FCA) im Vereinigten K\u00f6nigreich.Vor Ancora war Julian in leitenden Positionen bei Vermilion Partners, Rothschild &amp; Co und EY t\u00e4tig.<br><br><\/p>\n\n<\/div>\n<\/div><\/div>\n\n<div class=\"gb-grid-column gb-grid-column-97c89294\"><div class=\"gb-container gb-container-97c89294\">\n<div class=\"gb-container gb-container-68295254\">\n<div class=\"gb-container gb-container-08b894c7\">\n\n<a class=\"gb-button gb-button-7ad38864\" href=\"https:\/\/www.linkedin.com\/in\/ute-ecker-72a82391\/?originalSubdomain=de\"><span class=\"gb-icon\"><svg xmlns=\"http:\/\/www.w3.org\/2000\/svg\" viewbox=\"0 0 448 512\" width=\"1em\" height=\"1em\" aria-hidden=\"true\"><path d=\"M100.28 448H7.4V148.9h92.88zM53.79 108.1C24.09 108.1 0 83.5 0 53.8a53.79 53.79 0 0 1 107.58 0c0 29.7-24.1 54.3-53.79 54.3zM447.9 448h-92.68V302.4c0-34.7-.7-79.2-48.29-79.2-48.29 0-55.69 37.7-55.69 76.7V448h-92.78V148.9h89.08v40.8h1.3c12.4-23.5 42.69-48.3 87.88-48.3 94 0 111.28 61.9 111.28 142.3V448z\" fill=\"currentColor\"><\/path><\/svg><\/span><\/a>\n\n<\/div>\n<\/div>\n\n<div class=\"gb-container gb-container-c6d7cf3f\">\n\n<p class=\"gb-headline gb-headline-f31cd966 gb-headline-text\">Ute Ecker<\/p>\n\n\n\n<p class=\"has-contrast-color has-text-color has-small-font-size\"><strong>Ute Ecker, Justiziarin. <\/strong>Ute Ecker ist zugelassene Rechtsanw\u00e4ltin mit \u00fcber 25 Jahren Erfahrung in der Finanz- und Versicherungsbranche und \u00fcber 15 Jahren Erfahrung im Handels- und Gesellschaftsrecht, M&amp;A, Corporate Governance und Compliance.<\/p>\n\n<\/div>\n<\/div><\/div>\n\n<div class=\"gb-grid-column gb-grid-column-ceb9cb14\"><div class=\"gb-container gb-container-ceb9cb14\">\n<div class=\"gb-container gb-container-856c7090\">\n<div class=\"gb-container gb-container-c18273a8\">\n\n<a class=\"gb-button gb-button-adaa6061\" href=\"https:\/\/www.linkedin.com\/in\/chrismeyer1965\/details\/experience\/\"><span class=\"gb-icon\"><svg xmlns=\"http:\/\/www.w3.org\/2000\/svg\" viewbox=\"0 0 448 512\" width=\"1em\" height=\"1em\" aria-hidden=\"true\"><path d=\"M100.28 448H7.4V148.9h92.88zM53.79 108.1C24.09 108.1 0 83.5 0 53.8a53.79 53.79 0 0 1 107.58 0c0 29.7-24.1 54.3-53.79 54.3zM447.9 448h-92.68V302.4c0-34.7-.7-79.2-48.29-79.2-48.29 0-55.69 37.7-55.69 76.7V448h-92.78V148.9h89.08v40.8h1.3c12.4-23.5 42.69-48.3 87.88-48.3 94 0 111.28 61.9 111.28 142.3V448z\" fill=\"currentColor\"><\/path><\/svg><\/span><\/a>\n\n<\/div>\n<\/div>\n\n<div class=\"gb-container gb-container-a7150234\">\n\n<p class=\"gb-headline gb-headline-f5db9e09 gb-headline-text\">Chris Meyer<\/p>\n\n\n\n<p class=\"has-contrast-color has-text-color has-small-font-size\"><strong>Chris Meyer, Executive Consultant.<\/strong> Chris Meyer verf\u00fcgt \u00fcber mehr als 30 Jahre Erfahrung in den Bereichen Versicherung, Finanzdienstleistungen und Private Equity. Innerhalb von Ancora leitet Chris das Projektmanagement.  Er unterst\u00fctzt zudem die Portfoliounternehmen der Ancora Finance Group bei operativen Transformationsprojekten. Er ist w\u00e4hrend des gesamten Investitionszyklusses, von der Investitionsfindung und -analyse bis hin zu operativen und strategischen Projekten. Chris h\u00e4lt einen MBA der Northwestern University.<\/p>\n\n<\/div>\n<\/div><\/div>\n\n<div class=\"gb-grid-column gb-grid-column-c6c5df18\"><div class=\"gb-container gb-container-c6c5df18\">\n<div class=\"gb-container gb-container-e0ef557d\">\n<div class=\"gb-container gb-container-ba034c6a\">\n\n<a class=\"gb-button gb-button-7bccd244\" href=\"https:\/\/www.linkedin.com\/in\/terence-rayee-96317224\/?original_referer=https%3A%2F%2Fwww%2Egoogle%2Ecom%2F&amp;originalSubdomain=uk\"><span class=\"gb-icon\"><svg xmlns=\"http:\/\/www.w3.org\/2000\/svg\" viewbox=\"0 0 448 512\" width=\"1em\" height=\"1em\" aria-hidden=\"true\"><path d=\"M100.28 448H7.4V148.9h92.88zM53.79 108.1C24.09 108.1 0 83.5 0 53.8a53.79 53.79 0 0 1 107.58 0c0 29.7-24.1 54.3-53.79 54.3zM447.9 448h-92.68V302.4c0-34.7-.7-79.2-48.29-79.2-48.29 0-55.69 37.7-55.69 76.7V448h-92.78V148.9h89.08v40.8h1.3c12.4-23.5 42.69-48.3 87.88-48.3 94 0 111.28 61.9 111.28 142.3V448z\" fill=\"currentColor\"><\/path><\/svg><\/span><\/a>\n\n<\/div>\n<\/div>\n\n<div class=\"gb-container gb-container-725f231d\">\n\n<p class=\"gb-headline gb-headline-4d2b68bb gb-headline-text\">Terence Rayee<\/p>\n\n\n\n<p class=\"has-contrast-color has-text-color has-small-font-size\"><strong>Terence Rayee, Senior Data Scientist.<\/strong><br>Terence Rayee, Senior Data Scientist. Terence Rayee leitet die AIT-Entwicklung und konzentriert sich dabei insbesondere auf die Skalierung und Verfeinerung der propriet\u00e4ren Datenanalyse-Engine. . Vor  seiner T\u00e4tigkeit bei AIT war Terence Project Engineer bei Babcock Wanson und Nuclear Systems Engineer bei Westinghouse.<\/p>\n\n<\/div>\n<\/div><\/div>\n\n<div class=\"gb-grid-column gb-grid-column-acd7dcc0\"><div class=\"gb-container gb-container-acd7dcc0\">\n<div class=\"gb-container gb-container-dc742fb8\">\n<div class=\"gb-container gb-container-5f572344\">\n\n<a class=\"gb-button gb-button-717d9c05\" href=\"https:\/\/www.linkedin.com\/in\/peter-bludau\/\"><span class=\"gb-icon\"><svg aria-hidden=\"true\" role=\"img\" height=\"1em\" width=\"1em\" viewbox=\"0 0 448 512\" xmlns=\"http:\/\/www.w3.org\/2000\/svg\"><path fill=\"currentColor\" d=\"M100.28 448H7.4V148.9h92.88zM53.79 108.1C24.09 108.1 0 83.5 0 53.8a53.79 53.79 0 0 1 107.58 0c0 29.7-24.1 54.3-53.79 54.3zM447.9 448h-92.68V302.4c0-34.7-.7-79.2-48.29-79.2-48.29 0-55.69 37.7-55.69 76.7V448h-92.78V148.9h89.08v40.8h1.3c12.4-23.5 42.69-48.3 87.88-48.3 94 0 111.28 61.9 111.28 142.3V448z\"><\/path><\/svg><\/span><\/a>\n\n<\/div>\n<\/div>\n\n<div class=\"gb-container gb-container-4282ce96\">\n\n<p class=\"gb-headline gb-headline-4668597d gb-headline-text\">Peter Bludau<\/p>\n\n\n\n<p class=\"has-contrast-color has-text-color has-small-font-size\"><strong>Peter Bludau, Senior Software Engineer.<\/strong> Peter Bludau ist bei AIT verantwortlich f\u00fcr das Design und die Entwicklung von soliden und zuverl\u00e4ssigen Datenprodukten und Softwarel\u00f6sungen. Davor war Peter bei Fortiss, einem in Deutschland ans\u00e4ssigen Forschungsinstitut f\u00fcr softwareintensive Systeme t\u00e4tig. Dort leitete er das Center for Code Excellence. Peter schlie\u00dft derzeit seine Promotion in Informatik ab, nachdem er zuvor den Bachelor und Master in Informatik erworben hat.<\/p>\n\n<\/div>\n<\/div><\/div>\n\n<div class=\"gb-grid-column gb-grid-column-4265372b\"><div class=\"gb-container gb-container-4265372b\">\n<div class=\"gb-container gb-container-a18c35ba\">\n<div class=\"gb-container gb-container-94abaa95\">\n\n<a class=\"gb-button gb-button-d5f5ee91\" href=\"https:\/\/www.linkedin.com\/in\/kathrin-walbaum-4905958a\/\"><span class=\"gb-icon\"><svg xmlns=\"http:\/\/www.w3.org\/2000\/svg\" viewbox=\"0 0 448 512\" width=\"1em\" height=\"1em\" aria-hidden=\"true\"><path d=\"M100.28 448H7.4V148.9h92.88zM53.79 108.1C24.09 108.1 0 83.5 0 53.8a53.79 53.79 0 0 1 107.58 0c0 29.7-24.1 54.3-53.79 54.3zM447.9 448h-92.68V302.4c0-34.7-.7-79.2-48.29-79.2-48.29 0-55.69 37.7-55.69 76.7V448h-92.78V148.9h89.08v40.8h1.3c12.4-23.5 42.69-48.3 87.88-48.3 94 0 111.28 61.9 111.28 142.3V448z\" fill=\"currentColor\"><\/path><\/svg><\/span><\/a>\n\n<\/div>\n<\/div>\n\n<div class=\"gb-container gb-container-919f14f1\">\n\n<p class=\"gb-headline gb-headline-d1216ec1 gb-headline-text\">Kathrin Walbaum<\/p>\n\n\n\n<p class=\"has-contrast-color has-text-color has-small-font-size\"><strong>Kathrin Walbaum, Head of Group Operations.<\/strong> Kathrin Walbaum ist zust\u00e4ndig f\u00fcr die B\u00fcroinfrastruktur und Back-Office-Funktionen der Gruppe sowie die Leitung des Chairman\u2018s Office. Zuvor war sie bei Allianz Capital Partners, Lotus Development und Informix Software t\u00e4tig.<\/p>\n\n<\/div>\n<\/div><\/div>\n\n<div class=\"gb-grid-column gb-grid-column-edf2b4c3\"><div class=\"gb-container gb-container-edf2b4c3\">\n<div class=\"gb-container gb-container-1e069bbb\"><\/div>\n\n<div class=\"gb-container gb-container-b1cdda6d\">\n\n<p class=\"gb-headline gb-headline-f85b3eae gb-headline-text\">Archie<\/p>\n\n\n\n<p class=\"has-contrast-color has-text-color has-small-font-size\"><strong>Archie, Group Chief Happiness Officer (GCHO<\/strong>)<\/p>\n\n<\/div>\n<\/div><\/div>\n<\/div>\n<\/section>","protected":false},"excerpt":{"rendered":"<p>Ancora Finance Group AFG comprises a team of seasoned professionals who have worked together for many years<\/p>","protected":false},"author":1,"featured_media":2137,"parent":0,"menu_order":0,"comment_status":"closed","ping_status":"closed","template":"","meta":{"footnotes":""},"class_list":["post-39","page","type-page","status-publish","has-post-thumbnail"],"yoast_head":"<!-- This site is optimized with the Yoast SEO plugin v27.4 - https:\/\/yoast.com\/product\/yoast-seo-wordpress\/ -->\n<title>Our Team - Ancora Finance<\/title>\n<meta name=\"description\" content=\"Ancora Finance Group comprises an experienced team of professionals, including seasoned investors, entrepreneurs, and domain experts\" \/>\n<meta name=\"robots\" content=\"index, follow, max-snippet:-1, max-image-preview:large, max-video-preview:-1\" \/>\n<link rel=\"canonical\" href=\"https:\/\/ancorafinance.com\/de\/our-team\/\" \/>\n<meta property=\"og:locale\" content=\"de_DE\" \/>\n<meta property=\"og:type\" content=\"article\" \/>\n<meta property=\"og:title\" content=\"Our Team - Ancora Finance\" \/>\n<meta property=\"og:description\" content=\"Ancora Finance Group comprises an experienced team of professionals, including seasoned investors, entrepreneurs, and domain experts\" \/>\n<meta property=\"og:url\" content=\"https:\/\/ancorafinance.com\/de\/our-team\/\" \/>\n<meta property=\"og:site_name\" content=\"Ancora Finance\" \/>\n<meta property=\"article:modified_time\" content=\"2024-11-26T10:48:43+00:00\" \/>\n<meta property=\"og:image\" content=\"https:\/\/ancorafinance.com\/wp-content\/uploads\/2023\/12\/OurTeam_cropped-1.jpg\" \/>\n\t<meta property=\"og:image:width\" content=\"1700\" \/>\n\t<meta property=\"og:image:height\" content=\"579\" \/>\n\t<meta property=\"og:image:type\" content=\"image\/jpeg\" \/>\n<meta name=\"twitter:card\" content=\"summary_large_image\" \/>\n<meta name=\"twitter:label1\" content=\"Gesch\u00e4tzte Lesezeit\" \/>\n\t<meta name=\"twitter:data1\" content=\"3\u00a0Minuten\" \/>\n<script type=\"application\/ld+json\" class=\"yoast-schema-graph\">{\"@context\":\"https:\\\/\\\/schema.org\",\"@graph\":[{\"@type\":\"WebPage\",\"@id\":\"https:\\\/\\\/ancorafinance.com\\\/our-team\\\/\",\"url\":\"https:\\\/\\\/ancorafinance.com\\\/our-team\\\/\",\"name\":\"Our Team - Ancora Finance\",\"isPartOf\":{\"@id\":\"https:\\\/\\\/ancorafinance.com\\\/#website\"},\"primaryImageOfPage\":{\"@id\":\"https:\\\/\\\/ancorafinance.com\\\/our-team\\\/#primaryimage\"},\"image\":{\"@id\":\"https:\\\/\\\/ancorafinance.com\\\/our-team\\\/#primaryimage\"},\"thumbnailUrl\":\"https:\\\/\\\/ancorafinance.com\\\/wp-content\\\/uploads\\\/2023\\\/12\\\/OurTeam_cropped-1.jpg\",\"datePublished\":\"2021-07-18T01:05:29+00:00\",\"dateModified\":\"2024-11-26T10:48:43+00:00\",\"description\":\"Ancora Finance Group comprises an experienced team of professionals, including seasoned investors, entrepreneurs, and domain experts\",\"breadcrumb\":{\"@id\":\"https:\\\/\\\/ancorafinance.com\\\/our-team\\\/#breadcrumb\"},\"inLanguage\":\"de\",\"potentialAction\":[{\"@type\":\"ReadAction\",\"target\":[\"https:\\\/\\\/ancorafinance.com\\\/our-team\\\/\"]}]},{\"@type\":\"ImageObject\",\"inLanguage\":\"de\",\"@id\":\"https:\\\/\\\/ancorafinance.com\\\/our-team\\\/#primaryimage\",\"url\":\"https:\\\/\\\/ancorafinance.com\\\/wp-content\\\/uploads\\\/2023\\\/12\\\/OurTeam_cropped-1.jpg\",\"contentUrl\":\"https:\\\/\\\/ancorafinance.com\\\/wp-content\\\/uploads\\\/2023\\\/12\\\/OurTeam_cropped-1.jpg\",\"width\":1700,\"height\":579,\"caption\":\"Group of Business People Meeting Back Lit Concept\"},{\"@type\":\"BreadcrumbList\",\"@id\":\"https:\\\/\\\/ancorafinance.com\\\/our-team\\\/#breadcrumb\",\"itemListElement\":[{\"@type\":\"ListItem\",\"position\":1,\"name\":\"Home\",\"item\":\"https:\\\/\\\/ancorafinance.com\\\/\"},{\"@type\":\"ListItem\",\"position\":2,\"name\":\"Our Team\"}]},{\"@type\":\"WebSite\",\"@id\":\"https:\\\/\\\/ancorafinance.com\\\/#website\",\"url\":\"https:\\\/\\\/ancorafinance.com\\\/\",\"name\":\"Ancora Finance Group\",\"description\":\"\",\"publisher\":{\"@id\":\"https:\\\/\\\/ancorafinance.com\\\/#organization\"},\"potentialAction\":[{\"@type\":\"SearchAction\",\"target\":{\"@type\":\"EntryPoint\",\"urlTemplate\":\"https:\\\/\\\/ancorafinance.com\\\/?s={search_term_string}\"},\"query-input\":{\"@type\":\"PropertyValueSpecification\",\"valueRequired\":true,\"valueName\":\"search_term_string\"}}],\"inLanguage\":\"de\"},{\"@type\":\"Organization\",\"@id\":\"https:\\\/\\\/ancorafinance.com\\\/#organization\",\"name\":\"Ancora Finance Group\",\"url\":\"https:\\\/\\\/ancorafinance.com\\\/\",\"logo\":{\"@type\":\"ImageObject\",\"inLanguage\":\"de\",\"@id\":\"https:\\\/\\\/ancorafinance.com\\\/#\\\/schema\\\/logo\\\/image\\\/\",\"url\":\"https:\\\/\\\/ancorafinance.com\\\/wp-content\\\/uploads\\\/2023\\\/12\\\/AFG_small.png\",\"contentUrl\":\"https:\\\/\\\/ancorafinance.com\\\/wp-content\\\/uploads\\\/2023\\\/12\\\/AFG_small.png\",\"width\":832,\"height\":45,\"caption\":\"Ancora Finance Group\"},\"image\":{\"@id\":\"https:\\\/\\\/ancorafinance.com\\\/#\\\/schema\\\/logo\\\/image\\\/\"},\"sameAs\":[\"https:\\\/\\\/www.linkedin.com\\\/company\\\/ancora-finance-llp\\\/about\\\/\"]}]}<\/script>\n<!-- \/ Yoast SEO plugin. -->","yoast_head_json":{"title":"Our Team - Ancora Finance","description":"Die Ancora Finance Group besteht aus einem erfahrenen Team von Investoren, Unternehmern und Spezialisten","robots":{"index":"index","follow":"follow","max-snippet":"max-snippet:-1","max-image-preview":"max-image-preview:large","max-video-preview":"max-video-preview:-1"},"canonical":"https:\/\/ancorafinance.com\/de\/our-team\/","og_locale":"de_DE","og_type":"article","og_title":"Our Team - Ancora Finance","og_description":"Ancora Finance Group comprises an experienced team of professionals, including seasoned investors, entrepreneurs, and domain experts","og_url":"https:\/\/ancorafinance.com\/de\/our-team\/","og_site_name":"Ancora Finance","article_modified_time":"2024-11-26T10:48:43+00:00","og_image":[{"width":1700,"height":579,"url":"https:\/\/ancorafinance.com\/wp-content\/uploads\/2023\/12\/OurTeam_cropped-1.jpg","type":"image\/jpeg"}],"twitter_card":"summary_large_image","twitter_misc":{"Gesch\u00e4tzte Lesezeit":"3\u00a0Minuten"},"schema":{"@context":"https:\/\/schema.org","@graph":[{"@type":"WebPage","@id":"https:\/\/ancorafinance.com\/our-team\/","url":"https:\/\/ancorafinance.com\/our-team\/","name":"Our Team - Ancora Finance","isPartOf":{"@id":"https:\/\/ancorafinance.com\/#website"},"primaryImageOfPage":{"@id":"https:\/\/ancorafinance.com\/our-team\/#primaryimage"},"image":{"@id":"https:\/\/ancorafinance.com\/our-team\/#primaryimage"},"thumbnailUrl":"https:\/\/ancorafinance.com\/wp-content\/uploads\/2023\/12\/OurTeam_cropped-1.jpg","datePublished":"2021-07-18T01:05:29+00:00","dateModified":"2024-11-26T10:48:43+00:00","description":"Die Ancora Finance Group besteht aus einem erfahrenen Team von Investoren, Unternehmern und Spezialisten","breadcrumb":{"@id":"https:\/\/ancorafinance.com\/our-team\/#breadcrumb"},"inLanguage":"de","potentialAction":[{"@type":"ReadAction","target":["https:\/\/ancorafinance.com\/our-team\/"]}]},{"@type":"ImageObject","inLanguage":"de","@id":"https:\/\/ancorafinance.com\/our-team\/#primaryimage","url":"https:\/\/ancorafinance.com\/wp-content\/uploads\/2023\/12\/OurTeam_cropped-1.jpg","contentUrl":"https:\/\/ancorafinance.com\/wp-content\/uploads\/2023\/12\/OurTeam_cropped-1.jpg","width":1700,"height":579,"caption":"Group of Business People Meeting Back Lit Concept"},{"@type":"BreadcrumbList","@id":"https:\/\/ancorafinance.com\/our-team\/#breadcrumb","itemListElement":[{"@type":"ListItem","position":1,"name":"Home","item":"https:\/\/ancorafinance.com\/"},{"@type":"ListItem","position":2,"name":"Our Team"}]},{"@type":"WebSite","@id":"https:\/\/ancorafinance.com\/#website","url":"https:\/\/ancorafinance.com\/","name":"Ancora Finance Group","description":"","publisher":{"@id":"https:\/\/ancorafinance.com\/#organization"},"potentialAction":[{"@type":"SearchAction","target":{"@type":"EntryPoint","urlTemplate":"https:\/\/ancorafinance.com\/?s={search_term_string}"},"query-input":{"@type":"PropertyValueSpecification","valueRequired":true,"valueName":"search_term_string"}}],"inLanguage":"de"},{"@type":"Organization","@id":"https:\/\/ancorafinance.com\/#organization","name":"Ancora Finance Group","url":"https:\/\/ancorafinance.com\/","logo":{"@type":"ImageObject","inLanguage":"de","@id":"https:\/\/ancorafinance.com\/#\/schema\/logo\/image\/","url":"https:\/\/ancorafinance.com\/wp-content\/uploads\/2023\/12\/AFG_small.png","contentUrl":"https:\/\/ancorafinance.com\/wp-content\/uploads\/2023\/12\/AFG_small.png","width":832,"height":45,"caption":"Ancora Finance Group"},"image":{"@id":"https:\/\/ancorafinance.com\/#\/schema\/logo\/image\/"},"sameAs":["https:\/\/www.linkedin.com\/company\/ancora-finance-llp\/about\/"]}]}},"_links":{"self":[{"href":"https:\/\/ancorafinance.com\/de\/wp-json\/wp\/v2\/pages\/39","targetHints":{"allow":["GET"]}}],"collection":[{"href":"https:\/\/ancorafinance.com\/de\/wp-json\/wp\/v2\/pages"}],"about":[{"href":"https:\/\/ancorafinance.com\/de\/wp-json\/wp\/v2\/types\/page"}],"author":[{"embeddable":true,"href":"https:\/\/ancorafinance.com\/de\/wp-json\/wp\/v2\/users\/1"}],"replies":[{"embeddable":true,"href":"https:\/\/ancorafinance.com\/de\/wp-json\/wp\/v2\/comments?post=39"}],"version-history":[{"count":49,"href":"https:\/\/ancorafinance.com\/de\/wp-json\/wp\/v2\/pages\/39\/revisions"}],"predecessor-version":[{"id":2450,"href":"https:\/\/ancorafinance.com\/de\/wp-json\/wp\/v2\/pages\/39\/revisions\/2450"}],"wp:featuredmedia":[{"embeddable":true,"href":"https:\/\/ancorafinance.com\/de\/wp-json\/wp\/v2\/media\/2137"}],"wp:attachment":[{"href":"https:\/\/ancorafinance.com\/de\/wp-json\/wp\/v2\/media?parent=39"}],"curies":[{"name":"wp","href":"https:\/\/api.w.org\/{rel}","templated":true}]}}