{"id":1654,"date":"2023-08-03T15:43:48","date_gmt":"2023-08-03T14:43:48","guid":{"rendered":"https:\/\/ancorafinance.com\/?page_id=1654"},"modified":"2024-11-07T14:08:04","modified_gmt":"2024-11-07T14:08:04","slug":"ancora-innovation-growth-fund","status":"publish","type":"page","link":"https:\/\/ancorafinance.com\/de\/ancora-innovation-growth-fund\/","title":{"rendered":"Investment Advisory"},"content":{"rendered":"<div class=\"gb-container gb-container-4e931de0\">\n<div class=\"gb-container gb-container-f04fe248\">\n\n<figure class=\"gb-block-image gb-block-image-78ca2eb0\"><img loading=\"lazy\" decoding=\"async\" width=\"813\" height=\"209\" class=\"gb-image gb-image-78ca2eb0\" src=\"https:\/\/ancorafinance.com\/wp-content\/uploads\/2023\/12\/AIGF_small.png\" alt=\"\" title=\"AIGF_small\"\/><\/figure>\n\n<\/div>\n\n<div class=\"gb-container gb-container-5caff314\">\n\n<p class=\"gb-headline gb-headline-e2a5851b gb-headline-text\">The Innovation Growth Fund (TIGF oder Fonds) ist ein Luxemburger Wachstumskapitalfonds in Gr\u00fcndung.  Ancora Finance LLP ist Anlageberater des TIGF.<\/p>\n\n\n\n<p class=\"gb-headline gb-headline-fdea6f57 gb-headline-text\">Der Fonds wird von European Capital Partners (Luxembourg) S.A. in Europa und von Ancora Finance LLP im Vereinigten K\u00f6nigreich vertrieben<\/p>\n\n<\/div>\n\n<div class=\"gb-container gb-container-03c8ba29\">\n<section class=\"gb-container gb-container-5f48393a\">\n<div class=\"gb-container gb-container-d5af91d3\">\n\n<h2 class=\"gb-headline gb-headline-7fdc32dc gb-headline-text heading-icon-reversed\">f\u00fcr ANFRAGEN AUS EUROPA<\/h2>\n\n\n\n<h6 class=\"gb-headline gb-headline-9e92fb81\"><span class=\"gb-icon\"><svg xmlns=\"http:\/\/www.w3.org\/2000\/svg\" viewbox=\"0 0 512 512\"><path d=\"M256 0C156.748 0 76 80.748 76 180c0 33.534 9.289 66.26 26.869 94.652l142.885 230.257A15 15 0 00258.499 512h.119a14.997 14.997 0 0012.75-7.292L410.611 272.22C427.221 244.428 436 212.539 436 180 436 80.748 355.252 0 256 0zm128.866 256.818L258.272 468.186l-129.905-209.34C113.734 235.214 105.8 207.95 105.8 180c0-82.71 67.49-150.2 150.2-150.2S406.1 97.29 406.1 180c0 27.121-7.411 53.688-21.234 76.818z\"><\/path><path d=\"M256 90c-49.626 0-90 40.374-90 90 0 49.309 39.717 90 90 90 50.903 0 90-41.233 90-90 0-49.626-40.374-90-90-90zm0 150.2c-33.257 0-60.2-27.033-60.2-60.2 0-33.084 27.116-60.2 60.2-60.2s60.1 27.116 60.1 60.2c0 32.683-26.316 60.2-60.1 60.2z\"><\/path><\/svg><\/span><span class=\"gb-headline-text\">European Capital Partners (Luxembourg) S.A.<\/span><\/h6>\n\n\n\n<p class=\"gb-headline gb-headline-cca806dc gb-headline-text\">153-155, Rue du Kiem<br>L-8030 Strassen<br>Grand Duchy of Luxembourg<\/p>\n\n\n\n<p class=\"gb-headline gb-headline-8df5ae0d\"><span class=\"gb-icon\"><svg viewbox=\"0 0 512 512\" xmlns=\"http:\/\/www.w3.org\/2000\/svg\"><path d=\"M232.484 390.324c-3.902 3.899-3.902 10.23 0 14.137 3.91 3.902 10.239 3.902 14.137 0 3.91-3.906 3.91-10.238 0-14.137-3.898-3.91-10.226-3.91-14.137 0zm0 0\"><\/path><path d=\"M488.918 372.957l-75.922-64.559c-.351-.296-.723-.57-1.11-.816-19.917-12.68-45.491-9.871-62.19 6.824l-41.395 41.39a9.975 9.975 0 01-10.895 2.173c-46.742-19.336-85.14-48.446-114.129-86.512-22.105-29.027-30.074-52.094-31.125-55.344a9.938 9.938 0 00-.605-2.062 9.949 9.949 0 012.172-10.887l41.39-41.402c16.7-16.7 19.504-42.274 6.825-62.192-.102-.16-.207-.316-.317-.472L146.79 22.906C129.54-3.855 91.965-7.898 69.414 14.648l-8.289 8.29a.047.047 0 01-.02.019L31.512 52.551C-3.778 87.844-9.551 140.875 14.82 205.92c20.875 55.72 62.664 116.7 117.668 171.704 56.305 56.305 118.934 98.867 176.348 119.848 56.828 20.761 117.277 23.32 160.062-19.47l27.91-27.905c22.45-22.453 18.532-59.782-7.89-77.141zm-88.313-48.848l75.856 64.504c.348.297.719.57 1.105.817 16.204 10.316 18.657 32.972 5.098 46.527l-2.07 2.074-129.38-96.867 12.622-12.617c9.863-9.867 24.894-11.652 36.77-4.438zM130.082 33.895c.102.16.207.32.316.472l54.805 76.164c7.445 11.918 5.723 27.133-4.234 37.09l-12.23 12.234L81.206 31.137l2.348-2.348c13.613-13.613 36.25-11.039 46.527 5.106zm185.613 444.793c-54.734-20-114.777-60.915-169.066-115.204-53.031-53.027-93.191-111.476-113.086-164.578-14.934-39.86-24.953-95.152 12.11-132.21l21.16-21.165 87.53 128.719-14.761 14.77a29.88 29.88 0 00-6.848 31.835c3.157 12.954 17.68 39.84 32.332 59.653 21.563 29.156 60.7 69.465 124.696 95.941 11.246 4.653 24.07 2.098 32.68-6.508l14.488-14.492 129.379 96.867-11.551 11.547c-39.73 39.735-97.551 29.992-139.063 14.824zm0 0\"><\/path><path d=\"M213.719 366.45c-10.563-9.262-28.832-25.192-38.453-35.09-23.594-24.247-48.348-53.637-63.067-74.872-3.144-4.539-9.375-5.672-13.914-2.523-4.539 3.144-5.668 9.375-2.523 13.914 18.562 26.781 45.836 57.555 65.168 77.422 10.156 10.453 28.582 26.523 39.601 36.183 4.145 3.633 10.461 3.235 14.114-.925 3.64-4.149 3.226-10.47-.926-14.11zm0 0\"><\/path><\/svg><\/span><span class=\"gb-headline-text\"><mark class=\"gb-highlight\">+352 27 84 36 4<\/mark>5<\/span><\/p>\n\n\n\n<p class=\"gb-headline gb-headline-be4a6043\"><span class=\"gb-icon\"><svg viewbox=\"0 0 512 512\" xmlns=\"http:\/\/www.w3.org\/2000\/svg\"><path d=\"M467 61H45C20.218 61 0 81.196 0 106v300c0 24.72 20.128 45 45 45h422c24.72 0 45-20.128 45-45V106c0-24.72-20.128-45-45-45zm-6.214 30L256.954 294.833 51.359 91h409.427zM30 399.788V112.069l144.479 143.24L30 399.788zM51.213 421l144.57-144.57 50.657 50.222c5.864 5.814 15.327 5.795 21.167-.046L317 277.213 460.787 421H51.213zM482 399.787L338.213 256 482 112.212v287.575z\"><\/path><\/svg><\/span><span class=\"gb-headline-text\"><a href=\"mailto:info@ecp.lu\">info@ecp.lu<\/a><\/span><\/p>\n\n\n\n<p class=\"gb-headline gb-headline-2149e534\"><span class=\"gb-icon\"><svg viewbox=\"0 0 512 512\" width=\"16\" height=\"16\" xmlns=\"http:\/\/www.w3.org\/2000\/svg\"><path d=\"M352 256c0 22.2-1.2 43.6-3.3 64H163.3c-2.2-20.4-3.3-41.8-3.3-64s1.2-43.6 3.3-64H348.7c2.2 20.4 3.3 41.8 3.3 64zm28.8-64H503.9c5.3 20.5 8.1 41.9 8.1 64s-2.8 43.5-8.1 64H380.8c2.1-20.6 3.2-42 3.2-64s-1.1-43.4-3.2-64zm112.6-32H376.7c-10-63.9-29.8-117.4-55.3-151.6c78.3 20.7 142 77.5 171.9 151.6zm-149.1 0H167.7c6.1-36.4 15.5-68.6 27-94.7c10.5-23.6 22.2-40.7 33.5-51.5C239.4 3.2 248.7 0 256 0s16.6 3.2 27.8 13.8c11.3 10.8 23 27.9 33.5 51.5c11.6 26 20.9 58.2 27 94.7zm-209 0H18.6C48.6 85.9 112.2 29.1 190.6 8.4C165.1 42.6 145.3 96.1 135.3 160zM8.1 192H131.2c-2.1 20.6-3.2 42-3.2 64s1.1 43.4 3.2 64H8.1C2.8 299.5 0 278.1 0 256s2.8-43.5 8.1-64zM194.7 446.6c-11.6-26-20.9-58.2-27-94.6H344.3c-6.1 36.4-15.5 68.6-27 94.6c-10.5 23.6-22.2 40.7-33.5 51.5C272.6 508.8 263.3 512 256 512s-16.6-3.2-27.8-13.8c-11.3-10.8-23-27.9-33.5-51.5zM135.3 352c10 63.9 29.8 117.4 55.3 151.6C112.2 482.9 48.6 426.1 18.6 352H135.3zm358.1 0c-30 74.1-93.6 130.9-171.9 151.6c25.5-34.2 45.2-87.7 55.3-151.6H493.4z\"><\/path><\/svg><\/span><span class=\"gb-headline-text\"><a href=\"https:\/\/europeancapitalpartners.lu\">europeancapitalpartners.lu<\/a><\/span><\/p>\n\n<\/div>\n\n<div class=\"gb-container gb-container-8c9d1e0b\">\n\n<h2 class=\"gb-headline gb-headline-e5ed15ce gb-headline-text heading-icon-reversed\">f\u00fcr ANFRAGEN AUS DEM VEREINIGTEN K\u00f6NIGREICH<\/h2>\n\n\n\n<h6 class=\"gb-headline gb-headline-aac63af7\"><span class=\"gb-icon\"><svg xmlns=\"http:\/\/www.w3.org\/2000\/svg\" viewbox=\"0 0 512 512\"><path d=\"M256 0C156.748 0 76 80.748 76 180c0 33.534 9.289 66.26 26.869 94.652l142.885 230.257A15 15 0 00258.499 512h.119a14.997 14.997 0 0012.75-7.292L410.611 272.22C427.221 244.428 436 212.539 436 180 436 80.748 355.252 0 256 0zm128.866 256.818L258.272 468.186l-129.905-209.34C113.734 235.214 105.8 207.95 105.8 180c0-82.71 67.49-150.2 150.2-150.2S406.1 97.29 406.1 180c0 27.121-7.411 53.688-21.234 76.818z\"><\/path><path d=\"M256 90c-49.626 0-90 40.374-90 90 0 49.309 39.717 90 90 90 50.903 0 90-41.233 90-90 0-49.626-40.374-90-90-90zm0 150.2c-33.257 0-60.2-27.033-60.2-60.2 0-33.084 27.116-60.2 60.2-60.2s60.1 27.116 60.1 60.2c0 32.683-26.316 60.2-60.1 60.2z\"><\/path><\/svg><\/span><span class=\"gb-headline-text\">Ancora Finance LLP<\/span><\/h6>\n\n\n\n<p class=\"gb-headline gb-headline-2729f91c gb-headline-text\">85 Chelsea Manor Street <br>London SW3 5QP<br>United Kingdom<\/p>\n\n\n\n<p class=\"gb-headline gb-headline-abbc1b42\"><span class=\"gb-icon\"><svg viewbox=\"0 0 512 512\" xmlns=\"http:\/\/www.w3.org\/2000\/svg\"><path d=\"M232.484 390.324c-3.902 3.899-3.902 10.23 0 14.137 3.91 3.902 10.239 3.902 14.137 0 3.91-3.906 3.91-10.238 0-14.137-3.898-3.91-10.226-3.91-14.137 0zm0 0\"><\/path><path d=\"M488.918 372.957l-75.922-64.559c-.351-.296-.723-.57-1.11-.816-19.917-12.68-45.491-9.871-62.19 6.824l-41.395 41.39a9.975 9.975 0 01-10.895 2.173c-46.742-19.336-85.14-48.446-114.129-86.512-22.105-29.027-30.074-52.094-31.125-55.344a9.938 9.938 0 00-.605-2.062 9.949 9.949 0 012.172-10.887l41.39-41.402c16.7-16.7 19.504-42.274 6.825-62.192-.102-.16-.207-.316-.317-.472L146.79 22.906C129.54-3.855 91.965-7.898 69.414 14.648l-8.289 8.29a.047.047 0 01-.02.019L31.512 52.551C-3.778 87.844-9.551 140.875 14.82 205.92c20.875 55.72 62.664 116.7 117.668 171.704 56.305 56.305 118.934 98.867 176.348 119.848 56.828 20.761 117.277 23.32 160.062-19.47l27.91-27.905c22.45-22.453 18.532-59.782-7.89-77.141zm-88.313-48.848l75.856 64.504c.348.297.719.57 1.105.817 16.204 10.316 18.657 32.972 5.098 46.527l-2.07 2.074-129.38-96.867 12.622-12.617c9.863-9.867 24.894-11.652 36.77-4.438zM130.082 33.895c.102.16.207.32.316.472l54.805 76.164c7.445 11.918 5.723 27.133-4.234 37.09l-12.23 12.234L81.206 31.137l2.348-2.348c13.613-13.613 36.25-11.039 46.527 5.106zm185.613 444.793c-54.734-20-114.777-60.915-169.066-115.204-53.031-53.027-93.191-111.476-113.086-164.578-14.934-39.86-24.953-95.152 12.11-132.21l21.16-21.165 87.53 128.719-14.761 14.77a29.88 29.88 0 00-6.848 31.835c3.157 12.954 17.68 39.84 32.332 59.653 21.563 29.156 60.7 69.465 124.696 95.941 11.246 4.653 24.07 2.098 32.68-6.508l14.488-14.492 129.379 96.867-11.551 11.547c-39.73 39.735-97.551 29.992-139.063 14.824zm0 0\"><\/path><path d=\"M213.719 366.45c-10.563-9.262-28.832-25.192-38.453-35.09-23.594-24.247-48.348-53.637-63.067-74.872-3.144-4.539-9.375-5.672-13.914-2.523-4.539 3.144-5.668 9.375-2.523 13.914 18.562 26.781 45.836 57.555 65.168 77.422 10.156 10.453 28.582 26.523 39.601 36.183 4.145 3.633 10.461 3.235 14.114-.925 3.64-4.149 3.226-10.47-.926-14.11zm0 0\"><\/path><\/svg><\/span><span class=\"gb-headline-text\"><mark class=\"gb-highlight\">+44 (0) 20 3405 341<\/mark>5<\/span><\/p>\n\n\n\n<p class=\"gb-headline gb-headline-530e4fbf\"><span class=\"gb-icon\"><svg viewbox=\"0 0 512 512\" xmlns=\"http:\/\/www.w3.org\/2000\/svg\"><path d=\"M467 61H45C20.218 61 0 81.196 0 106v300c0 24.72 20.128 45 45 45h422c24.72 0 45-20.128 45-45V106c0-24.72-20.128-45-45-45zm-6.214 30L256.954 294.833 51.359 91h409.427zM30 399.788V112.069l144.479 143.24L30 399.788zM51.213 421l144.57-144.57 50.657 50.222c5.864 5.814 15.327 5.795 21.167-.046L317 277.213 460.787 421H51.213zM482 399.787L338.213 256 482 112.212v287.575z\"><\/path><\/svg><\/span><span class=\"gb-headline-text\"><a href=\"mailto:info@ancorafinance.com\">info@ancorafinance.com<\/a><\/span><\/p>\n\n<\/div>\n<\/section>\n<\/div>\n<\/div>","protected":false},"excerpt":{"rendered":"<p>The Innovation Growth Fund (TIGF or Fund) is a Luxembourg-based growth capital fund, in formation.&nbsp; Ancora Finance LLP is the Investment Advisor to TIGF. The Fund is distributed by European Capital Partners (Luxembourg) S.A. in Europe and Ancora Finance LLP in the UK FOR EU ENQUIRIES European Capital Partners (Luxembourg) S.A. 153-155, Rue du KiemL-8030 &#8230; <a title=\"Investment Advisory\" class=\"read-more\" href=\"https:\/\/ancorafinance.com\/de\/ancora-innovation-growth-fund\/\" aria-label=\"Mehr Informationen \u00fcber Investment Advisory\">Weiterlesen &#8230;<\/a><\/p>","protected":false},"author":1,"featured_media":2106,"parent":0,"menu_order":0,"comment_status":"closed","ping_status":"closed","template":"","meta":{"footnotes":""},"class_list":["post-1654","page","type-page","status-publish","has-post-thumbnail"],"yoast_head":"<!-- This site is optimized with the Yoast SEO plugin v27.4 - https:\/\/yoast.com\/product\/yoast-seo-wordpress\/ -->\n<title>Investment Advisory - Ancora Finance<\/title>\n<meta name=\"description\" content=\"The Innovation Growth Fund (TIGF) is a Luxembourg SCS SICAV-RAIF in formation dedicated to investing in innovative companies and providing essential growth capital\" \/>\n<meta name=\"robots\" content=\"index, follow, max-snippet:-1, max-image-preview:large, max-video-preview:-1\" \/>\n<link rel=\"canonical\" href=\"https:\/\/ancorafinance.com\/de\/ancora-innovation-growth-fund\/\" \/>\n<meta property=\"og:locale\" content=\"de_DE\" \/>\n<meta property=\"og:type\" content=\"article\" \/>\n<meta property=\"og:title\" content=\"Investment Advisory - Ancora Finance\" \/>\n<meta property=\"og:description\" content=\"The Innovation Growth Fund (TIGF) is a Luxembourg SCS SICAV-RAIF in formation dedicated to investing in innovative companies and providing essential growth capital\" \/>\n<meta property=\"og:url\" content=\"https:\/\/ancorafinance.com\/de\/ancora-innovation-growth-fund\/\" \/>\n<meta property=\"og:site_name\" content=\"Ancora Finance\" \/>\n<meta property=\"article:modified_time\" content=\"2024-11-07T14:08:04+00:00\" \/>\n<meta property=\"og:image\" content=\"https:\/\/ancorafinance.com\/wp-content\/uploads\/2023\/12\/nathan-dumlao-WDjNsJWIxVE-unsplash.jpg\" \/>\n\t<meta property=\"og:image:width\" content=\"1700\" \/>\n\t<meta property=\"og:image:height\" content=\"1133\" \/>\n\t<meta property=\"og:image:type\" content=\"image\/jpeg\" \/>\n<meta name=\"twitter:card\" content=\"summary_large_image\" \/>\n<meta name=\"twitter:label1\" content=\"Gesch\u00e4tzte Lesezeit\" \/>\n\t<meta name=\"twitter:data1\" content=\"1\u00a0Minute\" \/>\n<script type=\"application\/ld+json\" class=\"yoast-schema-graph\">{\"@context\":\"https:\\\/\\\/schema.org\",\"@graph\":[{\"@type\":\"WebPage\",\"@id\":\"https:\\\/\\\/ancorafinance.com\\\/ancora-innovation-growth-fund\\\/\",\"url\":\"https:\\\/\\\/ancorafinance.com\\\/ancora-innovation-growth-fund\\\/\",\"name\":\"Investment Advisory - Ancora Finance\",\"isPartOf\":{\"@id\":\"https:\\\/\\\/ancorafinance.com\\\/#website\"},\"primaryImageOfPage\":{\"@id\":\"https:\\\/\\\/ancorafinance.com\\\/ancora-innovation-growth-fund\\\/#primaryimage\"},\"image\":{\"@id\":\"https:\\\/\\\/ancorafinance.com\\\/ancora-innovation-growth-fund\\\/#primaryimage\"},\"thumbnailUrl\":\"https:\\\/\\\/ancorafinance.com\\\/wp-content\\\/uploads\\\/2023\\\/12\\\/nathan-dumlao-WDjNsJWIxVE-unsplash.jpg\",\"datePublished\":\"2023-08-03T14:43:48+00:00\",\"dateModified\":\"2024-11-07T14:08:04+00:00\",\"description\":\"The Innovation Growth Fund (TIGF) is a Luxembourg SCS SICAV-RAIF in formation dedicated to investing in innovative companies and providing essential growth capital\",\"breadcrumb\":{\"@id\":\"https:\\\/\\\/ancorafinance.com\\\/ancora-innovation-growth-fund\\\/#breadcrumb\"},\"inLanguage\":\"de\",\"potentialAction\":[{\"@type\":\"ReadAction\",\"target\":[\"https:\\\/\\\/ancorafinance.com\\\/ancora-innovation-growth-fund\\\/\"]}]},{\"@type\":\"ImageObject\",\"inLanguage\":\"de\",\"@id\":\"https:\\\/\\\/ancorafinance.com\\\/ancora-innovation-growth-fund\\\/#primaryimage\",\"url\":\"https:\\\/\\\/ancorafinance.com\\\/wp-content\\\/uploads\\\/2023\\\/12\\\/nathan-dumlao-WDjNsJWIxVE-unsplash.jpg\",\"contentUrl\":\"https:\\\/\\\/ancorafinance.com\\\/wp-content\\\/uploads\\\/2023\\\/12\\\/nathan-dumlao-WDjNsJWIxVE-unsplash.jpg\",\"width\":1700,\"height\":1133},{\"@type\":\"BreadcrumbList\",\"@id\":\"https:\\\/\\\/ancorafinance.com\\\/ancora-innovation-growth-fund\\\/#breadcrumb\",\"itemListElement\":[{\"@type\":\"ListItem\",\"position\":1,\"name\":\"Home\",\"item\":\"https:\\\/\\\/ancorafinance.com\\\/\"},{\"@type\":\"ListItem\",\"position\":2,\"name\":\"Investment Advisory\"}]},{\"@type\":\"WebSite\",\"@id\":\"https:\\\/\\\/ancorafinance.com\\\/#website\",\"url\":\"https:\\\/\\\/ancorafinance.com\\\/\",\"name\":\"Ancora Finance Group\",\"description\":\"\",\"publisher\":{\"@id\":\"https:\\\/\\\/ancorafinance.com\\\/#organization\"},\"potentialAction\":[{\"@type\":\"SearchAction\",\"target\":{\"@type\":\"EntryPoint\",\"urlTemplate\":\"https:\\\/\\\/ancorafinance.com\\\/?s={search_term_string}\"},\"query-input\":{\"@type\":\"PropertyValueSpecification\",\"valueRequired\":true,\"valueName\":\"search_term_string\"}}],\"inLanguage\":\"de\"},{\"@type\":\"Organization\",\"@id\":\"https:\\\/\\\/ancorafinance.com\\\/#organization\",\"name\":\"Ancora Finance Group\",\"url\":\"https:\\\/\\\/ancorafinance.com\\\/\",\"logo\":{\"@type\":\"ImageObject\",\"inLanguage\":\"de\",\"@id\":\"https:\\\/\\\/ancorafinance.com\\\/#\\\/schema\\\/logo\\\/image\\\/\",\"url\":\"https:\\\/\\\/ancorafinance.com\\\/wp-content\\\/uploads\\\/2023\\\/12\\\/AFG_small.png\",\"contentUrl\":\"https:\\\/\\\/ancorafinance.com\\\/wp-content\\\/uploads\\\/2023\\\/12\\\/AFG_small.png\",\"width\":832,\"height\":45,\"caption\":\"Ancora Finance Group\"},\"image\":{\"@id\":\"https:\\\/\\\/ancorafinance.com\\\/#\\\/schema\\\/logo\\\/image\\\/\"},\"sameAs\":[\"https:\\\/\\\/www.linkedin.com\\\/company\\\/ancora-finance-llp\\\/about\\\/\"]}]}<\/script>\n<!-- \/ Yoast SEO plugin. -->","yoast_head_json":{"title":"Investment Advisory - Ancora Finance","description":"The Innovation Growth Fund (TIGF) ist ein luxemburgischer SCS SICAV-RAIF-Fonds in Gr\u00fcndung f\u00fcr Investitionen in innovative Unternehmen  und Bereitstellung von Wachstumskapital f\u00fcr diese","robots":{"index":"index","follow":"follow","max-snippet":"max-snippet:-1","max-image-preview":"max-image-preview:large","max-video-preview":"max-video-preview:-1"},"canonical":"https:\/\/ancorafinance.com\/de\/ancora-innovation-growth-fund\/","og_locale":"de_DE","og_type":"article","og_title":"Investment Advisory - Ancora Finance","og_description":"The Innovation Growth Fund (TIGF) is a Luxembourg SCS SICAV-RAIF in formation dedicated to investing in innovative companies and providing essential growth capital","og_url":"https:\/\/ancorafinance.com\/de\/ancora-innovation-growth-fund\/","og_site_name":"Ancora Finance","article_modified_time":"2024-11-07T14:08:04+00:00","og_image":[{"width":1700,"height":1133,"url":"https:\/\/ancorafinance.com\/wp-content\/uploads\/2023\/12\/nathan-dumlao-WDjNsJWIxVE-unsplash.jpg","type":"image\/jpeg"}],"twitter_card":"summary_large_image","twitter_misc":{"Gesch\u00e4tzte Lesezeit":"1\u00a0Minute"},"schema":{"@context":"https:\/\/schema.org","@graph":[{"@type":"WebPage","@id":"https:\/\/ancorafinance.com\/ancora-innovation-growth-fund\/","url":"https:\/\/ancorafinance.com\/ancora-innovation-growth-fund\/","name":"Investment Advisory - Ancora Finance","isPartOf":{"@id":"https:\/\/ancorafinance.com\/#website"},"primaryImageOfPage":{"@id":"https:\/\/ancorafinance.com\/ancora-innovation-growth-fund\/#primaryimage"},"image":{"@id":"https:\/\/ancorafinance.com\/ancora-innovation-growth-fund\/#primaryimage"},"thumbnailUrl":"https:\/\/ancorafinance.com\/wp-content\/uploads\/2023\/12\/nathan-dumlao-WDjNsJWIxVE-unsplash.jpg","datePublished":"2023-08-03T14:43:48+00:00","dateModified":"2024-11-07T14:08:04+00:00","description":"The Innovation Growth Fund (TIGF) ist ein luxemburgischer SCS SICAV-RAIF-Fonds in Gr\u00fcndung f\u00fcr Investitionen in innovative Unternehmen  und Bereitstellung von Wachstumskapital f\u00fcr diese","breadcrumb":{"@id":"https:\/\/ancorafinance.com\/ancora-innovation-growth-fund\/#breadcrumb"},"inLanguage":"de","potentialAction":[{"@type":"ReadAction","target":["https:\/\/ancorafinance.com\/ancora-innovation-growth-fund\/"]}]},{"@type":"ImageObject","inLanguage":"de","@id":"https:\/\/ancorafinance.com\/ancora-innovation-growth-fund\/#primaryimage","url":"https:\/\/ancorafinance.com\/wp-content\/uploads\/2023\/12\/nathan-dumlao-WDjNsJWIxVE-unsplash.jpg","contentUrl":"https:\/\/ancorafinance.com\/wp-content\/uploads\/2023\/12\/nathan-dumlao-WDjNsJWIxVE-unsplash.jpg","width":1700,"height":1133},{"@type":"BreadcrumbList","@id":"https:\/\/ancorafinance.com\/ancora-innovation-growth-fund\/#breadcrumb","itemListElement":[{"@type":"ListItem","position":1,"name":"Home","item":"https:\/\/ancorafinance.com\/"},{"@type":"ListItem","position":2,"name":"Investment Advisory"}]},{"@type":"WebSite","@id":"https:\/\/ancorafinance.com\/#website","url":"https:\/\/ancorafinance.com\/","name":"Ancora Finance Group","description":"","publisher":{"@id":"https:\/\/ancorafinance.com\/#organization"},"potentialAction":[{"@type":"SearchAction","target":{"@type":"EntryPoint","urlTemplate":"https:\/\/ancorafinance.com\/?s={search_term_string}"},"query-input":{"@type":"PropertyValueSpecification","valueRequired":true,"valueName":"search_term_string"}}],"inLanguage":"de"},{"@type":"Organization","@id":"https:\/\/ancorafinance.com\/#organization","name":"Ancora Finance Group","url":"https:\/\/ancorafinance.com\/","logo":{"@type":"ImageObject","inLanguage":"de","@id":"https:\/\/ancorafinance.com\/#\/schema\/logo\/image\/","url":"https:\/\/ancorafinance.com\/wp-content\/uploads\/2023\/12\/AFG_small.png","contentUrl":"https:\/\/ancorafinance.com\/wp-content\/uploads\/2023\/12\/AFG_small.png","width":832,"height":45,"caption":"Ancora Finance Group"},"image":{"@id":"https:\/\/ancorafinance.com\/#\/schema\/logo\/image\/"},"sameAs":["https:\/\/www.linkedin.com\/company\/ancora-finance-llp\/about\/"]}]}},"_links":{"self":[{"href":"https:\/\/ancorafinance.com\/de\/wp-json\/wp\/v2\/pages\/1654","targetHints":{"allow":["GET"]}}],"collection":[{"href":"https:\/\/ancorafinance.com\/de\/wp-json\/wp\/v2\/pages"}],"about":[{"href":"https:\/\/ancorafinance.com\/de\/wp-json\/wp\/v2\/types\/page"}],"author":[{"embeddable":true,"href":"https:\/\/ancorafinance.com\/de\/wp-json\/wp\/v2\/users\/1"}],"replies":[{"embeddable":true,"href":"https:\/\/ancorafinance.com\/de\/wp-json\/wp\/v2\/comments?post=1654"}],"version-history":[{"count":24,"href":"https:\/\/ancorafinance.com\/de\/wp-json\/wp\/v2\/pages\/1654\/revisions"}],"predecessor-version":[{"id":2438,"href":"https:\/\/ancorafinance.com\/de\/wp-json\/wp\/v2\/pages\/1654\/revisions\/2438"}],"wp:featuredmedia":[{"embeddable":true,"href":"https:\/\/ancorafinance.com\/de\/wp-json\/wp\/v2\/media\/2106"}],"wp:attachment":[{"href":"https:\/\/ancorafinance.com\/de\/wp-json\/wp\/v2\/media?parent=1654"}],"curies":[{"name":"wp","href":"https:\/\/api.w.org\/{rel}","templated":true}]}}