{"id":1520,"date":"2021-05-30T14:08:16","date_gmt":"2021-05-30T13:08:16","guid":{"rendered":"https:\/\/capital.wordifysites.com\/?page_id=3"},"modified":"2024-11-18T16:55:04","modified_gmt":"2024-11-18T16:55:04","slug":"group-policies","status":"publish","type":"page","link":"https:\/\/ancorafinance.com\/de\/group-policies\/","title":{"rendered":"Gruppenrichtlinien"},"content":{"rendered":"<div class=\"gb-container gb-container-3b7869cf\">\n<div class=\"gb-container gb-container-ca7583be\">\n<div class=\"gb-container gb-container-9951e04a\" id=\"terms\">\n\n<p><a href=\"#terms\">&nbsp;<\/a><\/p>\n\n<\/div>\n\n<div class=\"gb-container gb-container-8f66f1ea\">\n\n<h2 class=\"wp-block-heading\">Nutzungsbedingungen<\/h2>\n\n\n\n<p class=\"has-medium-font-size\">Der Inhalt dieser Webseite dient lediglich allgemeinen  Informationszwecken und stellt keine rechtliche oder sonstige professionelle Beratung dar.<\/p>\n\n\n\n<p class=\"has-medium-font-size\"> Die Ancora Finance Group \u00fcbernimmt keinerlei Verantwortung f\u00fcr etwaige Verluste, die sich aus dem Vertrauen auf die auf dieser Webseite enthaltenen Informationen ergeben k\u00f6nnten. Die Vervielf\u00e4ltigung (ganz oder teilweise), \u00c4nderung, dauerhafte Speicherung oder Weitergabe des Inhalts dieser Website ist ohne vorherige Zustimmung der Ancora Finance Group untersagt.<\/p>\n\n<\/div>\n\n<div class=\"gb-container gb-container-9f9a385c\" id=\"privacy\">\n\n<p><a href=\"#privacy\">&nbsp;<\/a><\/p>\n\n<\/div>\n\n<div class=\"gb-container gb-container-1bf3d9ab\" id=\"privacy\/\">\n\n<p><a href=\"#privacy\">&nbsp;<\/a><\/p>\n\n<\/div>\n\n<div class=\"gb-container gb-container-c1b50f98\">\n\n<h2 class=\"wp-block-heading\">Datenschutzbestimmungen<\/h2>\n\n\n\n<p class=\"has-medium-font-size\">Der Schutz Ihrer Daten ist f\u00fcr uns sehr wichtig. Die Nutzung dieser Website kann die Verarbeitung personenbezogener Daten beinhalten.<\/p>\n\n\n\n<p class=\"has-medium-font-size\">Ausf\u00fchrliche Informationen zu unserer Ancora-Datenschutzpolitik finden Sie unter dem untenstehenden Link<\/p>\n\n\n\n<a class=\"gb-button gb-button-0f836ed6 gb-button-text\" href=\"https:\/\/ancora-finance.soundintheory.dev\/wp-content\/uploads\/2024\/08\/Ancora-Finance-Group_Datenschutzrichtlinie.pdf\" target=\"_blank\" rel=\"noopener noreferrer\">Datenschutzrichtlinie<\/a>\n\n<\/div>\n<\/div>\n<\/div>","protected":false},"excerpt":{"rendered":"<p>&nbsp; Terms &amp; Conditions The materials contained in this website are provided for general information purposes only and do not constitute legal or other professional advice. Ancora Finance Group does not accept any responsibility for any loss which may arise from reliance on information contained in this site. The reproduction (in whole or in part), &#8230; <a title=\"Gruppenrichtlinien\" class=\"read-more\" href=\"https:\/\/ancorafinance.com\/de\/group-policies\/\" aria-label=\"Mehr Informationen \u00fcber Group Policies\">Weiterlesen &#8230;<\/a><\/p>","protected":false},"author":1,"featured_media":2114,"parent":0,"menu_order":0,"comment_status":"closed","ping_status":"closed","template":"","meta":{"footnotes":""},"class_list":["post-1520","page","type-page","status-publish","has-post-thumbnail"],"yoast_head":"<!-- This site is optimized with the Yoast SEO plugin v27.4 - https:\/\/yoast.com\/product\/yoast-seo-wordpress\/ -->\n<title>Group Policies - Ancora Finance<\/title>\n<meta name=\"description\" content=\"Ancora Finance Group policies include terms and conditions, personal data protection measures, and privacy guidelines for website usage and information handling\" \/>\n<meta name=\"robots\" content=\"index, follow, max-snippet:-1, max-image-preview:large, max-video-preview:-1\" \/>\n<link rel=\"canonical\" href=\"https:\/\/ancorafinance.com\/de\/group-policies\/\" \/>\n<meta property=\"og:locale\" content=\"de_DE\" \/>\n<meta property=\"og:type\" content=\"article\" \/>\n<meta property=\"og:title\" content=\"Group Policies - Ancora Finance\" \/>\n<meta property=\"og:description\" content=\"Ancora Finance Group policies include terms and conditions, personal data protection measures, and privacy guidelines for website usage and information handling\" \/>\n<meta property=\"og:url\" content=\"https:\/\/ancorafinance.com\/de\/group-policies\/\" \/>\n<meta property=\"og:site_name\" content=\"Ancora Finance\" \/>\n<meta property=\"article:modified_time\" content=\"2024-11-18T16:55:04+00:00\" \/>\n<meta property=\"og:image\" content=\"https:\/\/ancorafinance.com\/wp-content\/uploads\/2023\/12\/GroupPolicies_cropped.jpg\" \/>\n\t<meta property=\"og:image:width\" content=\"1700\" \/>\n\t<meta property=\"og:image:height\" content=\"458\" \/>\n\t<meta property=\"og:image:type\" content=\"image\/jpeg\" \/>\n<meta name=\"twitter:card\" content=\"summary_large_image\" \/>\n<meta name=\"twitter:label1\" content=\"Gesch\u00e4tzte Lesezeit\" \/>\n\t<meta name=\"twitter:data1\" content=\"1\u00a0Minute\" \/>\n<script type=\"application\/ld+json\" class=\"yoast-schema-graph\">{\"@context\":\"https:\\\/\\\/schema.org\",\"@graph\":[{\"@type\":\"WebPage\",\"@id\":\"https:\\\/\\\/ancorafinance.com\\\/group-policies\\\/\",\"url\":\"https:\\\/\\\/ancorafinance.com\\\/group-policies\\\/\",\"name\":\"Group Policies - Ancora Finance\",\"isPartOf\":{\"@id\":\"https:\\\/\\\/ancorafinance.com\\\/#website\"},\"primaryImageOfPage\":{\"@id\":\"https:\\\/\\\/ancorafinance.com\\\/group-policies\\\/#primaryimage\"},\"image\":{\"@id\":\"https:\\\/\\\/ancorafinance.com\\\/group-policies\\\/#primaryimage\"},\"thumbnailUrl\":\"https:\\\/\\\/ancorafinance.com\\\/wp-content\\\/uploads\\\/2023\\\/12\\\/GroupPolicies_cropped.jpg\",\"datePublished\":\"2021-05-30T13:08:16+00:00\",\"dateModified\":\"2024-11-18T16:55:04+00:00\",\"description\":\"Ancora Finance Group policies include terms and conditions, personal data protection measures, and privacy guidelines for website usage and information handling\",\"breadcrumb\":{\"@id\":\"https:\\\/\\\/ancorafinance.com\\\/group-policies\\\/#breadcrumb\"},\"inLanguage\":\"de\",\"potentialAction\":[{\"@type\":\"ReadAction\",\"target\":[\"https:\\\/\\\/ancorafinance.com\\\/group-policies\\\/\"]}]},{\"@type\":\"ImageObject\",\"inLanguage\":\"de\",\"@id\":\"https:\\\/\\\/ancorafinance.com\\\/group-policies\\\/#primaryimage\",\"url\":\"https:\\\/\\\/ancorafinance.com\\\/wp-content\\\/uploads\\\/2023\\\/12\\\/GroupPolicies_cropped.jpg\",\"contentUrl\":\"https:\\\/\\\/ancorafinance.com\\\/wp-content\\\/uploads\\\/2023\\\/12\\\/GroupPolicies_cropped.jpg\",\"width\":1700,\"height\":458,\"caption\":\"Pen lying on a contract or application form, wide angle view.\"},{\"@type\":\"BreadcrumbList\",\"@id\":\"https:\\\/\\\/ancorafinance.com\\\/group-policies\\\/#breadcrumb\",\"itemListElement\":[{\"@type\":\"ListItem\",\"position\":1,\"name\":\"Home\",\"item\":\"https:\\\/\\\/ancorafinance.com\\\/\"},{\"@type\":\"ListItem\",\"position\":2,\"name\":\"Group Policies\"}]},{\"@type\":\"WebSite\",\"@id\":\"https:\\\/\\\/ancorafinance.com\\\/#website\",\"url\":\"https:\\\/\\\/ancorafinance.com\\\/\",\"name\":\"Ancora Finance Group\",\"description\":\"\",\"publisher\":{\"@id\":\"https:\\\/\\\/ancorafinance.com\\\/#organization\"},\"potentialAction\":[{\"@type\":\"SearchAction\",\"target\":{\"@type\":\"EntryPoint\",\"urlTemplate\":\"https:\\\/\\\/ancorafinance.com\\\/?s={search_term_string}\"},\"query-input\":{\"@type\":\"PropertyValueSpecification\",\"valueRequired\":true,\"valueName\":\"search_term_string\"}}],\"inLanguage\":\"de\"},{\"@type\":\"Organization\",\"@id\":\"https:\\\/\\\/ancorafinance.com\\\/#organization\",\"name\":\"Ancora Finance Group\",\"url\":\"https:\\\/\\\/ancorafinance.com\\\/\",\"logo\":{\"@type\":\"ImageObject\",\"inLanguage\":\"de\",\"@id\":\"https:\\\/\\\/ancorafinance.com\\\/#\\\/schema\\\/logo\\\/image\\\/\",\"url\":\"https:\\\/\\\/ancorafinance.com\\\/wp-content\\\/uploads\\\/2023\\\/12\\\/AFG_small.png\",\"contentUrl\":\"https:\\\/\\\/ancorafinance.com\\\/wp-content\\\/uploads\\\/2023\\\/12\\\/AFG_small.png\",\"width\":832,\"height\":45,\"caption\":\"Ancora Finance Group\"},\"image\":{\"@id\":\"https:\\\/\\\/ancorafinance.com\\\/#\\\/schema\\\/logo\\\/image\\\/\"},\"sameAs\":[\"https:\\\/\\\/www.linkedin.com\\\/company\\\/ancora-finance-llp\\\/about\\\/\"]}]}<\/script>\n<!-- \/ Yoast SEO plugin. -->","yoast_head_json":{"title":"Group Policies - Ancora Finance","description":"Die Richtlinien der Ancora Finance Group umfassen Nutzungsbedingungen, Ma\u00dfnahmen zum Schutz personenbezogener Daten und Datenschutzrichtlinien f\u00fcr die Nutzung der Website und den Umgang mit Informationen","robots":{"index":"index","follow":"follow","max-snippet":"max-snippet:-1","max-image-preview":"max-image-preview:large","max-video-preview":"max-video-preview:-1"},"canonical":"https:\/\/ancorafinance.com\/de\/group-policies\/","og_locale":"de_DE","og_type":"article","og_title":"Group Policies - Ancora Finance","og_description":"Ancora Finance Group policies include terms and conditions, personal data protection measures, and privacy guidelines for website usage and information handling","og_url":"https:\/\/ancorafinance.com\/de\/group-policies\/","og_site_name":"Ancora Finance","article_modified_time":"2024-11-18T16:55:04+00:00","og_image":[{"width":1700,"height":458,"url":"https:\/\/ancorafinance.com\/wp-content\/uploads\/2023\/12\/GroupPolicies_cropped.jpg","type":"image\/jpeg"}],"twitter_card":"summary_large_image","twitter_misc":{"Gesch\u00e4tzte Lesezeit":"1\u00a0Minute"},"schema":{"@context":"https:\/\/schema.org","@graph":[{"@type":"WebPage","@id":"https:\/\/ancorafinance.com\/group-policies\/","url":"https:\/\/ancorafinance.com\/group-policies\/","name":"Group Policies - Ancora Finance","isPartOf":{"@id":"https:\/\/ancorafinance.com\/#website"},"primaryImageOfPage":{"@id":"https:\/\/ancorafinance.com\/group-policies\/#primaryimage"},"image":{"@id":"https:\/\/ancorafinance.com\/group-policies\/#primaryimage"},"thumbnailUrl":"https:\/\/ancorafinance.com\/wp-content\/uploads\/2023\/12\/GroupPolicies_cropped.jpg","datePublished":"2021-05-30T13:08:16+00:00","dateModified":"2024-11-18T16:55:04+00:00","description":"Die Richtlinien der Ancora Finance Group umfassen Nutzungsbedingungen, Ma\u00dfnahmen zum Schutz personenbezogener Daten und Datenschutzrichtlinien f\u00fcr die Nutzung der Website und den Umgang mit Informationen","breadcrumb":{"@id":"https:\/\/ancorafinance.com\/group-policies\/#breadcrumb"},"inLanguage":"de","potentialAction":[{"@type":"ReadAction","target":["https:\/\/ancorafinance.com\/group-policies\/"]}]},{"@type":"ImageObject","inLanguage":"de","@id":"https:\/\/ancorafinance.com\/group-policies\/#primaryimage","url":"https:\/\/ancorafinance.com\/wp-content\/uploads\/2023\/12\/GroupPolicies_cropped.jpg","contentUrl":"https:\/\/ancorafinance.com\/wp-content\/uploads\/2023\/12\/GroupPolicies_cropped.jpg","width":1700,"height":458,"caption":"Pen lying on a contract or application form, wide angle view."},{"@type":"BreadcrumbList","@id":"https:\/\/ancorafinance.com\/group-policies\/#breadcrumb","itemListElement":[{"@type":"ListItem","position":1,"name":"Home","item":"https:\/\/ancorafinance.com\/"},{"@type":"ListItem","position":2,"name":"Group Policies"}]},{"@type":"WebSite","@id":"https:\/\/ancorafinance.com\/#website","url":"https:\/\/ancorafinance.com\/","name":"Ancora Finance Group","description":"","publisher":{"@id":"https:\/\/ancorafinance.com\/#organization"},"potentialAction":[{"@type":"SearchAction","target":{"@type":"EntryPoint","urlTemplate":"https:\/\/ancorafinance.com\/?s={search_term_string}"},"query-input":{"@type":"PropertyValueSpecification","valueRequired":true,"valueName":"search_term_string"}}],"inLanguage":"de"},{"@type":"Organization","@id":"https:\/\/ancorafinance.com\/#organization","name":"Ancora Finance Group","url":"https:\/\/ancorafinance.com\/","logo":{"@type":"ImageObject","inLanguage":"de","@id":"https:\/\/ancorafinance.com\/#\/schema\/logo\/image\/","url":"https:\/\/ancorafinance.com\/wp-content\/uploads\/2023\/12\/AFG_small.png","contentUrl":"https:\/\/ancorafinance.com\/wp-content\/uploads\/2023\/12\/AFG_small.png","width":832,"height":45,"caption":"Ancora Finance Group"},"image":{"@id":"https:\/\/ancorafinance.com\/#\/schema\/logo\/image\/"},"sameAs":["https:\/\/www.linkedin.com\/company\/ancora-finance-llp\/about\/"]}]}},"_links":{"self":[{"href":"https:\/\/ancorafinance.com\/de\/wp-json\/wp\/v2\/pages\/1520","targetHints":{"allow":["GET"]}}],"collection":[{"href":"https:\/\/ancorafinance.com\/de\/wp-json\/wp\/v2\/pages"}],"about":[{"href":"https:\/\/ancorafinance.com\/de\/wp-json\/wp\/v2\/types\/page"}],"author":[{"embeddable":true,"href":"https:\/\/ancorafinance.com\/de\/wp-json\/wp\/v2\/users\/1"}],"replies":[{"embeddable":true,"href":"https:\/\/ancorafinance.com\/de\/wp-json\/wp\/v2\/comments?post=1520"}],"version-history":[{"count":25,"href":"https:\/\/ancorafinance.com\/de\/wp-json\/wp\/v2\/pages\/1520\/revisions"}],"predecessor-version":[{"id":2445,"href":"https:\/\/ancorafinance.com\/de\/wp-json\/wp\/v2\/pages\/1520\/revisions\/2445"}],"wp:featuredmedia":[{"embeddable":true,"href":"https:\/\/ancorafinance.com\/de\/wp-json\/wp\/v2\/media\/2114"}],"wp:attachment":[{"href":"https:\/\/ancorafinance.com\/de\/wp-json\/wp\/v2\/media?parent=1520"}],"curies":[{"name":"wp","href":"https:\/\/api.w.org\/{rel}","templated":true}]}}