{"id":10,"date":"2021-07-18T01:05:21","date_gmt":"2021-07-18T00:05:21","guid":{"rendered":"https:\/\/capital.wordifysites.com\/?page_id=10"},"modified":"2024-11-26T10:51:23","modified_gmt":"2024-11-26T10:51:23","slug":"home","status":"publish","type":"page","link":"https:\/\/ancorafinance.com\/de\/","title":{"rendered":"Startseite"},"content":{"rendered":"<div class=\"gb-container gb-container-abc3937d\">\n<div class=\"gb-container gb-container-f3cc5bca\">\n<section class=\"gb-container gb-container-097d555a\">\n<div class=\"gb-container gb-container-c065edd9\">\n<div class=\"gb-container gb-container-190007bf\" id=\"home\"><\/div>\n<\/div>\n<\/section>\n<\/div>\n<\/div>\n\n<div class=\"gb-container gb-container-6a597bf9\">\n<div class=\"gb-container gb-container-3759fb0d\">\n\n<p class=\"gb-headline gb-headline-f6b246eb gb-headline-text\">Die Ancora Finance Group (AFG) wurde 2012 gegr\u00fcndet. AFG investiert aktiv in private Wachstumsunternehmen, entwickelt eigene technologieorientierte Investitionsstrategien im \u00f6ffentlichen Bereich und bietet Unternehmensfinanzierung und Investitionsberatung an.  Der Fokus der Gruppe liegt auf der Bereitstellung von Wachstumskapital f\u00fcr innovative europ\u00e4ische Unternehmen in den Bereichen Umwelt und Gesundheitswesen. Dar\u00fcber hinaus verf\u00fcgt AFG \u00fcber Expertise in Fintech sowie weiteren geografischen M\u00e4rkten, darunter die USA und APAC. <\/p>\n\n\n\n<p class=\"gb-headline gb-headline-fa661df0 gb-headline-text\">Die Gruppe hat Niederlassungen in London, M\u00fcnchen und Z\u00fcrich<\/p>\n\n<\/div>\n<\/div>\n\n<div class=\"gb-container gb-container-c18877c9\">\n<div class=\"gb-container gb-container-8f932e71\">\n<div class=\"gb-grid-wrapper gb-grid-wrapper-e2782011\">\n<div class=\"gb-grid-column gb-grid-column-4a31f617\"><div class=\"gb-container gb-container-4a31f617\">\n<div class=\"gb-container gb-container-a4b5cd2e\">\n<div class=\"gb-container gb-container-b1428cdc\">\n\n<figure class=\"gb-block-image gb-block-image-f34d70ff\"><img loading=\"lazy\" decoding=\"async\" width=\"51\" height=\"63\" class=\"gb-image gb-image-f34d70ff\" src=\"http:\/\/ancorafinance.com\/wp-content\/uploads\/2023\/09\/Ancora-Finance-LLP_icon_new.png\" alt=\"\" title=\"Ancora Finance LLP_icon_new\" srcset=\"https:\/\/ancorafinance.com\/wp-content\/uploads\/2023\/09\/Ancora-Finance-LLP_icon_new.png 51w, https:\/\/ancorafinance.com\/wp-content\/uploads\/2023\/09\/Ancora-Finance-LLP_icon_new-10x12.png 10w\" sizes=\"auto, (max-width: 51px) 100vw, 51px\" \/><\/figure>\n\n\n\n<h2 class=\"gb-headline gb-headline-b8d93b26 gb-headline-text\">Investment und Corporate Finance Advisory<\/h2>\n\n\n\n<p>Ancora Finance LLP ist\nbei der Financial Conduct Authority (FCA) f\u00fcr Investment- und Corporate Finance-Beratungst\u00e4tigkeiten reguliert<\/p>\n\n<\/div>\n\n<div class=\"gb-container gb-container-f42f7117\">\n\n<a class=\"gb-button gb-button-1debcc47 gb-button-text\" href=\"https:\/\/ancorafinance.com\/de\/ancora-finance-llp\/\">Weitere Informationen<\/a>\n\n<\/div>\n<\/div>\n<\/div><\/div>\n\n<div class=\"gb-grid-column gb-grid-column-5d4bc5ba\"><div class=\"gb-container gb-container-5d4bc5ba\">\n<div class=\"gb-container gb-container-2189687a\">\n<div class=\"gb-container gb-container-a22c3b0d\">\n\n<figure class=\"gb-block-image gb-block-image-581d8cae\"><img loading=\"lazy\" decoding=\"async\" width=\"56\" height=\"58\" class=\"gb-image gb-image-581d8cae\" src=\"http:\/\/ancorafinance.com\/wp-content\/uploads\/2023\/09\/AIT_icon.png\" alt=\"\" title=\"AIT_icon\" srcset=\"https:\/\/ancorafinance.com\/wp-content\/uploads\/2023\/09\/AIT_icon.png 56w, https:\/\/ancorafinance.com\/wp-content\/uploads\/2023\/09\/AIT_icon-12x12.png 12w\" sizes=\"auto, (max-width: 56px) 100vw, 56px\" \/><\/figure>\n\n\n\n<h2 class=\"gb-headline gb-headline-bce23a6e gb-headline-text\">Innovative Investment Analytics<\/h2>\n\n\n\n<p class=\"gb-headline gb-headline-aae6e5f1 gb-headline-text\">Gruppeneigene Analysetechniken unter Verwendung von KI zur Unterst\u00fctzung von Anlagestrategien<\/p>\n\n<\/div>\n\n<div class=\"gb-container gb-container-2ac5379d\">\n\n<a class=\"gb-button gb-button-5690f7ce gb-button-text\" href=\"https:\/\/ancorafinance.com\/de\/ancora-innovation-technology-ait\/\">Weitere Informationen<\/a>\n\n<\/div>\n<\/div>\n<\/div><\/div>\n\n<div class=\"gb-grid-column gb-grid-column-502f7c4c\"><div class=\"gb-container gb-container-502f7c4c\">\n<div class=\"gb-container gb-container-6a373d73\">\n<div class=\"gb-container gb-container-b266fe97\">\n\n<figure class=\"gb-block-image gb-block-image-f34aaada\"><img loading=\"lazy\" decoding=\"async\" width=\"51\" height=\"51\" class=\"gb-image gb-image-f34aaada\" src=\"http:\/\/ancorafinance.com\/wp-content\/uploads\/2023\/09\/AIGF_icon_new.png\" alt=\"\" title=\"AIGF_icon_new\" srcset=\"https:\/\/ancorafinance.com\/wp-content\/uploads\/2023\/09\/AIGF_icon_new.png 51w, https:\/\/ancorafinance.com\/wp-content\/uploads\/2023\/09\/AIGF_icon_new-12x12.png 12w\" sizes=\"auto, (max-width: 51px) 100vw, 51px\" \/><\/figure>\n\n\n\n<h2 class=\"gb-headline gb-headline-3f40e469 gb-headline-text\">Investment Advisory<\/h2>\n\n\n\n<p class=\"gb-headline gb-headline-719920b5 gb-headline-text\">Anlageberatung zur Unterst\u00fctzung von privaten und \u00f6ffentlichen Fonds und Managed Accounts<\/p>\n\n<\/div>\n\n<div class=\"gb-container gb-container-82371b34\">\n\n<a class=\"gb-button gb-button-dc84e2c0 gb-button-text\" href=\"https:\/\/ancorafinance.com\/de\/ancora-innovation-growth-fund\/\">Weitere Informationen<\/a>\n\n<\/div>\n<\/div>\n<\/div><\/div>\n<\/div>\n<\/div>\n<\/div>","protected":false},"excerpt":{"rendered":"<p>Founded in 2012, the Ancora Finance Group (AFG) is engaged in active private growth company investments, the development of proprietary technology-led investment strategies in the public domain and the provision of corporate finance and investment advice. Its principal focus is the provision of growth capital to innovative European companies in the environmental and healthcare sectors. &#8230; <a title=\"Startseite\" class=\"read-more\" href=\"https:\/\/ancorafinance.com\/de\/\" aria-label=\"Mehr Informationen \u00fcber Home\">Weiterlesen &#8230;<\/a><\/p>","protected":false},"author":1,"featured_media":0,"parent":0,"menu_order":0,"comment_status":"closed","ping_status":"closed","template":"","meta":{"footnotes":""},"class_list":["post-10","page","type-page","status-publish"],"yoast_head":"<!-- This site is optimized with the Yoast SEO plugin v27.4 - https:\/\/yoast.com\/product\/yoast-seo-wordpress\/ -->\n<title>Home - Ancora Finance<\/title>\n<meta name=\"description\" content=\"Ancora Finance Group invests in innovative European companies, particularly in the environmental and healthcare sectors. We offer tech-focused strategies and global expertise since 2012.\" \/>\n<meta name=\"robots\" content=\"index, follow, max-snippet:-1, max-image-preview:large, max-video-preview:-1\" \/>\n<link rel=\"canonical\" href=\"https:\/\/ancorafinance.com\/de\/\" \/>\n<meta property=\"og:locale\" content=\"de_DE\" \/>\n<meta property=\"og:type\" content=\"article\" \/>\n<meta property=\"og:title\" content=\"Home - Ancora Finance\" \/>\n<meta property=\"og:description\" content=\"Ancora Finance Group invests in innovative European companies, particularly in the environmental and healthcare sectors. We offer tech-focused strategies and global expertise since 2012.\" \/>\n<meta property=\"og:url\" content=\"https:\/\/ancorafinance.com\/de\/\" \/>\n<meta property=\"og:site_name\" content=\"Ancora Finance\" \/>\n<meta property=\"article:modified_time\" content=\"2024-11-26T10:51:23+00:00\" \/>\n<meta property=\"og:image\" content=\"http:\/\/ancorafinance.com\/wp-content\/uploads\/2023\/09\/Ancora-Finance-LLP_icon_new.png\" \/>\n<meta name=\"twitter:card\" content=\"summary_large_image\" \/>\n<meta name=\"twitter:label1\" content=\"Gesch\u00e4tzte Lesezeit\" \/>\n\t<meta name=\"twitter:data1\" content=\"2\u00a0Minuten\" \/>\n<script type=\"application\/ld+json\" class=\"yoast-schema-graph\">{\"@context\":\"https:\\\/\\\/schema.org\",\"@graph\":[{\"@type\":\"WebPage\",\"@id\":\"https:\\\/\\\/ancorafinance.com\\\/\",\"url\":\"https:\\\/\\\/ancorafinance.com\\\/\",\"name\":\"Home - Ancora Finance\",\"isPartOf\":{\"@id\":\"https:\\\/\\\/ancorafinance.com\\\/#website\"},\"primaryImageOfPage\":{\"@id\":\"https:\\\/\\\/ancorafinance.com\\\/#primaryimage\"},\"image\":{\"@id\":\"https:\\\/\\\/ancorafinance.com\\\/#primaryimage\"},\"thumbnailUrl\":\"http:\\\/\\\/ancorafinance.com\\\/wp-content\\\/uploads\\\/2023\\\/09\\\/Ancora-Finance-LLP_icon_new.png\",\"datePublished\":\"2021-07-18T00:05:21+00:00\",\"dateModified\":\"2024-11-26T10:51:23+00:00\",\"description\":\"Ancora Finance Group invests in innovative European companies, particularly in the environmental and healthcare sectors. We offer tech-focused strategies and global expertise since 2012.\",\"breadcrumb\":{\"@id\":\"https:\\\/\\\/ancorafinance.com\\\/#breadcrumb\"},\"inLanguage\":\"de\",\"potentialAction\":[{\"@type\":\"ReadAction\",\"target\":[\"https:\\\/\\\/ancorafinance.com\\\/\"]}]},{\"@type\":\"ImageObject\",\"inLanguage\":\"de\",\"@id\":\"https:\\\/\\\/ancorafinance.com\\\/#primaryimage\",\"url\":\"http:\\\/\\\/ancorafinance.com\\\/wp-content\\\/uploads\\\/2023\\\/09\\\/Ancora-Finance-LLP_icon_new.png\",\"contentUrl\":\"http:\\\/\\\/ancorafinance.com\\\/wp-content\\\/uploads\\\/2023\\\/09\\\/Ancora-Finance-LLP_icon_new.png\"},{\"@type\":\"BreadcrumbList\",\"@id\":\"https:\\\/\\\/ancorafinance.com\\\/#breadcrumb\",\"itemListElement\":[{\"@type\":\"ListItem\",\"position\":1,\"name\":\"Home\",\"item\":\"https:\\\/\\\/ancorafinance.com\\\/\"},{\"@type\":\"ListItem\",\"position\":2,\"name\":\"Home\"}]},{\"@type\":\"WebSite\",\"@id\":\"https:\\\/\\\/ancorafinance.com\\\/#website\",\"url\":\"https:\\\/\\\/ancorafinance.com\\\/\",\"name\":\"Ancora Finance Group\",\"description\":\"\",\"publisher\":{\"@id\":\"https:\\\/\\\/ancorafinance.com\\\/#organization\"},\"potentialAction\":[{\"@type\":\"SearchAction\",\"target\":{\"@type\":\"EntryPoint\",\"urlTemplate\":\"https:\\\/\\\/ancorafinance.com\\\/?s={search_term_string}\"},\"query-input\":{\"@type\":\"PropertyValueSpecification\",\"valueRequired\":true,\"valueName\":\"search_term_string\"}}],\"inLanguage\":\"de\"},{\"@type\":\"Organization\",\"@id\":\"https:\\\/\\\/ancorafinance.com\\\/#organization\",\"name\":\"Ancora Finance Group\",\"url\":\"https:\\\/\\\/ancorafinance.com\\\/\",\"logo\":{\"@type\":\"ImageObject\",\"inLanguage\":\"de\",\"@id\":\"https:\\\/\\\/ancorafinance.com\\\/#\\\/schema\\\/logo\\\/image\\\/\",\"url\":\"https:\\\/\\\/ancorafinance.com\\\/wp-content\\\/uploads\\\/2023\\\/12\\\/AFG_small.png\",\"contentUrl\":\"https:\\\/\\\/ancorafinance.com\\\/wp-content\\\/uploads\\\/2023\\\/12\\\/AFG_small.png\",\"width\":832,\"height\":45,\"caption\":\"Ancora Finance Group\"},\"image\":{\"@id\":\"https:\\\/\\\/ancorafinance.com\\\/#\\\/schema\\\/logo\\\/image\\\/\"},\"sameAs\":[\"https:\\\/\\\/www.linkedin.com\\\/company\\\/ancora-finance-llp\\\/about\\\/\"]}]}<\/script>\n<!-- \/ Yoast SEO plugin. -->","yoast_head_json":{"title":"Die Ancora Finance Group investiert in innovative europ\u00e4ische Unternehmen, insbesondere in den Bereichen Umwelt und Gesundheit. Wir bieten seit 2012 technologieorientierte Strategien und globale Expertise.","description":"Die Ancora Finance Group investiert in innovative europ\u00e4ische Unternehmen, insbesondere in den Bereichen Umwelt und Gesundheitswesen. Wir bieten seit 2012 technologiebasierte Strategieberatung und globale Expertise.","robots":{"index":"index","follow":"follow","max-snippet":"max-snippet:-1","max-image-preview":"max-image-preview:large","max-video-preview":"max-video-preview:-1"},"canonical":"https:\/\/ancorafinance.com\/de\/","og_locale":"de_DE","og_type":"article","og_title":"Home - Ancora Finance","og_description":"Ancora Finance Group invests in innovative European companies, particularly in the environmental and healthcare sectors. We offer tech-focused strategies and global expertise since 2012.","og_url":"https:\/\/ancorafinance.com\/de\/","og_site_name":"Ancora Finance","article_modified_time":"2024-11-26T10:51:23+00:00","og_image":[{"url":"http:\/\/ancorafinance.com\/wp-content\/uploads\/2023\/09\/Ancora-Finance-LLP_icon_new.png","type":"","width":"","height":""}],"twitter_card":"summary_large_image","twitter_misc":{"Gesch\u00e4tzte Lesezeit":"2\u00a0Minuten"},"schema":{"@context":"https:\/\/schema.org","@graph":[{"@type":"WebPage","@id":"https:\/\/ancorafinance.com\/","url":"https:\/\/ancorafinance.com\/","name":"Die Ancora Finance Group investiert in innovative europ\u00e4ische Unternehmen, insbesondere in den Bereichen Umwelt und Gesundheit. Wir bieten seit 2012 technologieorientierte Strategien und globale Expertise.","isPartOf":{"@id":"https:\/\/ancorafinance.com\/#website"},"primaryImageOfPage":{"@id":"https:\/\/ancorafinance.com\/#primaryimage"},"image":{"@id":"https:\/\/ancorafinance.com\/#primaryimage"},"thumbnailUrl":"http:\/\/ancorafinance.com\/wp-content\/uploads\/2023\/09\/Ancora-Finance-LLP_icon_new.png","datePublished":"2021-07-18T00:05:21+00:00","dateModified":"2024-11-26T10:51:23+00:00","description":"Die Ancora Finance Group investiert in innovative europ\u00e4ische Unternehmen, insbesondere in den Bereichen Umwelt und Gesundheitswesen. Wir bieten seit 2012 technologiebasierte Strategieberatung und globale Expertise.","breadcrumb":{"@id":"https:\/\/ancorafinance.com\/#breadcrumb"},"inLanguage":"de","potentialAction":[{"@type":"ReadAction","target":["https:\/\/ancorafinance.com\/"]}]},{"@type":"ImageObject","inLanguage":"de","@id":"https:\/\/ancorafinance.com\/#primaryimage","url":"http:\/\/ancorafinance.com\/wp-content\/uploads\/2023\/09\/Ancora-Finance-LLP_icon_new.png","contentUrl":"http:\/\/ancorafinance.com\/wp-content\/uploads\/2023\/09\/Ancora-Finance-LLP_icon_new.png"},{"@type":"BreadcrumbList","@id":"https:\/\/ancorafinance.com\/#breadcrumb","itemListElement":[{"@type":"ListItem","position":1,"name":"Home","item":"https:\/\/ancorafinance.com\/"},{"@type":"ListItem","position":2,"name":"Home"}]},{"@type":"WebSite","@id":"https:\/\/ancorafinance.com\/#website","url":"https:\/\/ancorafinance.com\/","name":"Ancora Finance Group","description":"","publisher":{"@id":"https:\/\/ancorafinance.com\/#organization"},"potentialAction":[{"@type":"SearchAction","target":{"@type":"EntryPoint","urlTemplate":"https:\/\/ancorafinance.com\/?s={search_term_string}"},"query-input":{"@type":"PropertyValueSpecification","valueRequired":true,"valueName":"search_term_string"}}],"inLanguage":"de"},{"@type":"Organization","@id":"https:\/\/ancorafinance.com\/#organization","name":"Ancora Finance Group","url":"https:\/\/ancorafinance.com\/","logo":{"@type":"ImageObject","inLanguage":"de","@id":"https:\/\/ancorafinance.com\/#\/schema\/logo\/image\/","url":"https:\/\/ancorafinance.com\/wp-content\/uploads\/2023\/12\/AFG_small.png","contentUrl":"https:\/\/ancorafinance.com\/wp-content\/uploads\/2023\/12\/AFG_small.png","width":832,"height":45,"caption":"Ancora Finance Group"},"image":{"@id":"https:\/\/ancorafinance.com\/#\/schema\/logo\/image\/"},"sameAs":["https:\/\/www.linkedin.com\/company\/ancora-finance-llp\/about\/"]}]}},"_links":{"self":[{"href":"https:\/\/ancorafinance.com\/de\/wp-json\/wp\/v2\/pages\/10","targetHints":{"allow":["GET"]}}],"collection":[{"href":"https:\/\/ancorafinance.com\/de\/wp-json\/wp\/v2\/pages"}],"about":[{"href":"https:\/\/ancorafinance.com\/de\/wp-json\/wp\/v2\/types\/page"}],"author":[{"embeddable":true,"href":"https:\/\/ancorafinance.com\/de\/wp-json\/wp\/v2\/users\/1"}],"replies":[{"embeddable":true,"href":"https:\/\/ancorafinance.com\/de\/wp-json\/wp\/v2\/comments?post=10"}],"version-history":[{"count":83,"href":"https:\/\/ancorafinance.com\/de\/wp-json\/wp\/v2\/pages\/10\/revisions"}],"predecessor-version":[{"id":2451,"href":"https:\/\/ancorafinance.com\/de\/wp-json\/wp\/v2\/pages\/10\/revisions\/2451"}],"wp:attachment":[{"href":"https:\/\/ancorafinance.com\/de\/wp-json\/wp\/v2\/media?parent=10"}],"curies":[{"name":"wp","href":"https:\/\/api.w.org\/{rel}","templated":true}]}}